{"id":641,"date":"2018-10-25T10:32:59","date_gmt":"2018-10-25T08:32:59","guid":{"rendered":"http:\/\/phiessences.com\/Romania\/?post_type=product&#038;p=641"},"modified":"2025-12-30T17:18:36","modified_gmt":"2025-12-30T15:18:36","slug":"gray-coral-fungus-barba-caprei-cenusie","status":"publish","type":"product","link":"https:\/\/esentevibrationale.com\/?product=gray-coral-fungus-barba-caprei-cenusie","title":{"rendered":"Gray Coral Fungus \/ Barba Caprei Cenu\u015fii"},"content":{"rendered":"<p><strong>\u00a0(Clavulina cinerea) <\/strong><\/p>\n<p><em>Fungusul Barba Caprei Cenu\u0219ii este relativ mic (p\u00e2n\u0103 la 10 cm \u00een\u0103l\u021bime), dar datorit\u0103 cre\u0219terii sale asem\u0103n\u0103toare coralului formeaz\u0103 o ciuperc\u0103 neobi\u0219nuit\u0103. C\u00e2nd c\u0103ut\u0103m aceast\u0103 ciuperc\u0103 comestibil\u0103, este cel mai bine s\u0103 mergem \u00een zonele \u00eemp\u0103durite de foioase, \u00eentre lunile august \u0219i noiembrie, fiindc\u0103 sunt loca\u021biile sale preferate. Este adunat\u0103 \u00een ramifica\u021bii de culoarea gri deschis, similar cu cele ale coralilor, care cresc ramific\u00e2ndu-se. Genul Clavulina include 6 specii, se crede c\u0103 tr\u0103iesc sifofitic.<\/em><\/p>\n<p><strong><em>Efectul Esen\u021bei: <\/em><\/strong>Esen\u021ba B\u0103rbii Caprei Cenu\u0219ii are un efect energetic stimulent asupra proceselor din sistemul nervos \u0219i asupra proceselor de percep\u021bie \u0219i de g\u00e2ndire. Intelectul \u0219i intui\u021bia sunt armonizate.<\/p>\n<p><strong><em>Efectul Esen\u021bei la Nivel Fizic: <\/em><\/strong>Atunci c\u00e2nd emo\u021biile ne domin\u0103 \u0219i sentimentele negative rapid se traduc \u00een probleme palpabile, esen\u021ba ne ajut\u0103 s\u0103 c\u0103p\u0103t\u0103m o nou\u0103 dimensiune a con\u0219tiin\u021bei. Vom dob\u00e2ndi o perspectiv\u0103 asupra conflictelor noastre, care ne va permite s\u0103 g\u0103sim solu\u021bii (\u0219i, \u00een consecin\u021b\u0103, eliberare energiei de inconvenien\u021bele corporale). Ne ofer\u0103 energie adi\u021bional\u0103 pentru a compensa reac\u021biile sistemului nervos.<\/p>\n<p><strong><em>Efectul Esen\u021bei la Nivel Emo\u021bional: <\/em><\/strong>Aceast\u0103 esen\u021b\u0103 ne ajut\u0103 s\u0103 g\u0103sim ie\u0219irea din luptele emo\u021bionale negative \u0219i s\u0103 folosim energia spiritului pentru a g\u0103si solu\u021bii. \u00cen acest fel, vom putea ie\u0219i din emo\u021biile profunde \u0219i vom g\u0103si o nou\u0103 viziune asupra situa\u021biei.<\/p>\n<p><strong><em>Efectul Esen\u021bei la Nivel Mental: <\/em><\/strong>Esen\u021ba B\u0103rbii Caprei Cenu\u0219ii are un efect simulator asupra nivelului mental. Toate procesele de percep\u021bie \u0219i de g\u00e2ndire sunt clarificate \u0219i esen\u021ba ne ajut\u0103 atunci c\u00e2nd ne planific\u0103m via\u021ba \u0219i \u00een consecin\u021b\u0103 c\u00e2nd ne definim obiectivele. Prin procesul trezit de armonizare dintre intelectual \u0219i intui\u021bie, ne putem defini energia proprie mental\u0103, lu\u00e2nd \u00een considerare vocea noastr\u0103 interioar\u0103.<\/p>\n<p><strong><em>Efectul Esen\u021bei la Nivel Spiritual: <\/em><\/strong>Esen\u021ba B\u0103rbii Caprei Cenu\u0219i stabile\u0219te o nou\u0103 ordine spiritual\u0103 \u0219i corporal\u0103, care ne va permite s\u0103 ne distan\u021b\u0103m mai mult \u0219i s\u0103 ob\u021binem o perspectiv\u0103 superioar\u0103 cu privire la dimensiunile superioare. Vom deveni con\u0219tien\u021bi de faptul c\u0103 \u00eel g\u0103sim pe Dumnezeu \u00een echilibru nostru.<\/p>\n<p><strong><em>Afirma\u021bia: <\/em><\/strong>Lumina \u0219i claritatea str\u0103lucesc din interiorul meu \u0219i \u00eemi urmez vocea interioar\u0103.<\/p>\n","protected":false},"excerpt":{"rendered":"<p>\u00a0(Clavulina cinerea) Fungusul Barba Caprei Cenu\u0219ii este relativ mic (p\u00e2n\u0103 la 10 cm \u00een\u0103l\u021bime), dar datorit\u0103 cre\u0219terii sale asem\u0103n\u0103toare coralului formeaz\u0103 o ciuperc\u0103 neobi\u0219nuit\u0103. C\u00e2nd c\u0103ut\u0103m aceast\u0103 ciuperc\u0103 comestibil\u0103, este cel mai bine s\u0103 mergem \u00een zonele \u00eemp\u0103durite de foioase, \u00eentre lunile august \u0219i noiembrie, fiindc\u0103 sunt loca\u021biile sale preferate. Este adunat\u0103 \u00een ramifica\u021bii de &hellip; <a href=\"https:\/\/esentevibrationale.com\/?product=gray-coral-fungus-barba-caprei-cenusie\" class=\"more-link\">Continu\u0103 lectura <span class=\"screen-reader-text\">Gray Coral Fungus \/ Barba Caprei Cenu\u015fii<\/span> <span class=\"meta-nav\">&rarr;<\/span><\/a><\/p>\n","protected":false},"featured_media":642,"template":"","meta":[],"product_brand":[],"product_cat":[19],"product_tag":[],"class_list":{"0":"post-641","1":"product","2":"type-product","3":"status-publish","4":"has-post-thumbnail","6":"product_cat-esente-de-ciuperci","7":"pa_size-15ml","8":"pa_size-30ml","10":"first","11":"instock","12":"shipping-taxable","13":"purchasable","14":"product-type-variable","15":"has-default-attributes"},"_links":{"self":[{"href":"https:\/\/esentevibrationale.com\/index.php?rest_route=\/wp\/v2\/product\/641","targetHints":{"allow":["GET"]}}],"collection":[{"href":"https:\/\/esentevibrationale.com\/index.php?rest_route=\/wp\/v2\/product"}],"about":[{"href":"https:\/\/esentevibrationale.com\/index.php?rest_route=\/wp\/v2\/types\/product"}],"wp:featuredmedia":[{"embeddable":true,"href":"https:\/\/esentevibrationale.com\/index.php?rest_route=\/wp\/v2\/media\/642"}],"wp:attachment":[{"href":"https:\/\/esentevibrationale.com\/index.php?rest_route=%2Fwp%2Fv2%2Fmedia&parent=641"}],"wp:term":[{"taxonomy":"product_brand","embeddable":true,"href":"https:\/\/esentevibrationale.com\/index.php?rest_route=%2Fwp%2Fv2%2Fproduct_brand&post=641"},{"taxonomy":"product_cat","embeddable":true,"href":"https:\/\/esentevibrationale.com\/index.php?rest_route=%2Fwp%2Fv2%2Fproduct_cat&post=641"},{"taxonomy":"product_tag","embeddable":true,"href":"https:\/\/esentevibrationale.com\/index.php?rest_route=%2Fwp%2Fv2%2Fproduct_tag&post=641"}],"curies":[{"name":"wp","href":"https:\/\/api.w.org\/{rel}","templated":true}]}}