{"id":643,"date":"2018-10-25T10:37:05","date_gmt":"2018-10-25T08:37:05","guid":{"rendered":"http:\/\/phiessences.com\/Romania\/?post_type=product&#038;p=643"},"modified":"2025-12-30T17:20:57","modified_gmt":"2025-12-30T15:20:57","slug":"horn-of-plenty-cornul-abundentei","status":"publish","type":"product","link":"https:\/\/esentevibrationale.com\/?product=horn-of-plenty-cornul-abundentei","title":{"rendered":"Horn of Plenty \/ Cornul Abunden\u0163ei"},"content":{"rendered":"<p><strong>(Craterellus cornucopioides) <\/strong><\/p>\n<p><em>Cornul Abunden\u021bei se simte acas\u0103 \u00een locurile \u00eemp\u0103durite \u0219i \u00een p\u0103durile de conifere \u0219i foioase, \u00een special, \u00een solurile calcaroase de sub arborii de fag. Ciuperca are o \u00een\u0103l\u021bime \u00eentre 5 &#8211; 10 cm, forma unei p\u00e2lnii, \u00eentruc\u00e2t este complet goal\u0103 \u00een interior \u0219i pere\u021bii s\u0103i au aceea\u0219i grosime \u00een toate punctele \u0219i este de culoarea gri cu negru. \u00cen partea de sus, marginile sale sunt buclate la exterior, fiind similare formei unei p\u0103l\u0103rii. Leg\u0103tura dintre p\u0103l\u0103rie \u0219i coad\u0103 este imperceptibil\u0103.<\/em><\/p>\n<p><strong><em>Efectul Esen\u021bei: <\/em><\/strong>Esen\u021ba Cornului Abunden\u021bei ne leag\u0103 intens de P\u0103m\u00e2nt \u0219i de aspectul profund, \u00eentunecat \u0219i fizic din noi. \u00cen aceea\u0219i manier\u0103 \u00een care P\u0103m\u00e2ntul inspir\u0103 \u0219i expir\u0103 prin p\u00e2lnie, blocajele noastre energetice vor g\u0103si o valv\u0103 de ie\u0219ire \u00een ciclul respirator.<\/p>\n<p><strong><em>Efectul Esen\u021bei la Nivel Fizic: <\/em><\/strong>Aceast\u0103 esen\u021b\u0103 ac\u021bioneaz\u0103 \u00een mod semnificativ asupra Primei Chakre \u0219i \u00een acela\u0219i timp favorizeaz\u0103 \u0219i stimuleaz\u0103 energia noastr\u0103 vital\u0103. Ne permite s\u0103 determin\u0103m originea problemelor corpului. Poate fi util\u0103 ca o completarea \u00een terapia respiratorie, pentru a ne ajut\u0103 s\u0103 elimin\u0103m energia problemelor corporale. De asemenea, aceast\u0103 ciuperc\u0103 transformatoare este util\u0103 \u00een perioada sarcinii. Pe toat\u0103 durata sa de cre\u0219tere dezvolt\u0103 cinci inele care corespund celor cinci aspecte ale viitoarei mame.<\/p>\n<p><strong><em>Efectul Esen\u021bei la Nivel Emo\u021bional: <\/em><\/strong>Cu esen\u021ba putem trata \u0219i risipi fricile, inclusiv cele din copil\u0103rie. Energia, care p\u00e2n\u0103 acum &#8222;a fost furat\u0103&#8221; de aceste frici, poate fi transmis\u0103 spre creativitate.<\/p>\n<p><strong><em>Efectul Esen\u021bei asupra Min\u021bii: <\/em><\/strong>Cu esen\u021ba Cornului Abunden\u021bei ne putem dezvolta puterea mental\u0103 \u0219i creativ\u0103. \u00cen leg\u0103tur\u0103 cu o energie vital\u0103 mai intens\u0103, vom observa c\u0103 avem mai mult\u0103 putere s\u0103 ne desf\u0103\u0219ur\u0103m planurile personale.<\/p>\n<p><strong><em>Efectul Esen\u021bei la Nivel Spiritual: <\/em><\/strong>Aceast\u0103 esen\u021b\u0103 nu este numit\u0103 degeaba &#8222;Aura Iadului&#8221;. Ne poart\u0103 prin cele mai \u00eentunecate p\u0103r\u021bi ale noastre \u0219i ne ajut\u0103 s\u0103 le integr\u0103m. A\u0219a cum noi trecem prin ad\u00e2ncurile \u0219i \u00eentunericul propriu, vom recunoa\u0219te \u0219i vom tr\u0103i lumina noastr\u0103, primind o for\u021b\u0103 personal\u0103 imens\u0103.<\/p>\n<p><strong><em>Combina\u021bia Esen\u021bei: <\/em><\/strong>Esen\u021ba Delfin \u0219i Esen\u021ba Cornului Abunden\u021bei amelioreaz\u0103 durerea din timpul na\u0219terii.<\/p>\n<p><strong><em>Afirma\u021bia: <\/em><\/strong>Accept partea mea \u00eentunecat\u0103 \u0219i elimin toate blocajele, cu scopul de a putea sim\u021bi lumina vie\u021bii.<\/p>\n","protected":false},"excerpt":{"rendered":"<p>(Craterellus cornucopioides) Cornul Abunden\u021bei se simte acas\u0103 \u00een locurile \u00eemp\u0103durite \u0219i \u00een p\u0103durile de conifere \u0219i foioase, \u00een special, \u00een solurile calcaroase de sub arborii de fag. Ciuperca are o \u00een\u0103l\u021bime \u00eentre 5 &#8211; 10 cm, forma unei p\u00e2lnii, \u00eentruc\u00e2t este complet goal\u0103 \u00een interior \u0219i pere\u021bii s\u0103i au aceea\u0219i grosime \u00een toate punctele \u0219i &hellip; <a href=\"https:\/\/esentevibrationale.com\/?product=horn-of-plenty-cornul-abundentei\" class=\"more-link\">Continu\u0103 lectura <span class=\"screen-reader-text\">Horn of Plenty \/ Cornul Abunden\u0163ei<\/span> <span class=\"meta-nav\">&rarr;<\/span><\/a><\/p>\n","protected":false},"featured_media":644,"template":"","meta":[],"product_brand":[],"product_cat":[19],"product_tag":[],"class_list":{"0":"post-643","1":"product","2":"type-product","3":"status-publish","4":"has-post-thumbnail","6":"product_cat-esente-de-ciuperci","7":"pa_size-15ml","8":"pa_size-30ml","10":"first","11":"instock","12":"shipping-taxable","13":"purchasable","14":"product-type-variable","15":"has-default-attributes"},"_links":{"self":[{"href":"https:\/\/esentevibrationale.com\/index.php?rest_route=\/wp\/v2\/product\/643","targetHints":{"allow":["GET"]}}],"collection":[{"href":"https:\/\/esentevibrationale.com\/index.php?rest_route=\/wp\/v2\/product"}],"about":[{"href":"https:\/\/esentevibrationale.com\/index.php?rest_route=\/wp\/v2\/types\/product"}],"wp:featuredmedia":[{"embeddable":true,"href":"https:\/\/esentevibrationale.com\/index.php?rest_route=\/wp\/v2\/media\/644"}],"wp:attachment":[{"href":"https:\/\/esentevibrationale.com\/index.php?rest_route=%2Fwp%2Fv2%2Fmedia&parent=643"}],"wp:term":[{"taxonomy":"product_brand","embeddable":true,"href":"https:\/\/esentevibrationale.com\/index.php?rest_route=%2Fwp%2Fv2%2Fproduct_brand&post=643"},{"taxonomy":"product_cat","embeddable":true,"href":"https:\/\/esentevibrationale.com\/index.php?rest_route=%2Fwp%2Fv2%2Fproduct_cat&post=643"},{"taxonomy":"product_tag","embeddable":true,"href":"https:\/\/esentevibrationale.com\/index.php?rest_route=%2Fwp%2Fv2%2Fproduct_tag&post=643"}],"curies":[{"name":"wp","href":"https:\/\/api.w.org\/{rel}","templated":true}]}}