{"id":645,"date":"2018-10-25T10:47:25","date_gmt":"2018-10-25T08:47:25","guid":{"rendered":"http:\/\/phiessences.com\/Romania\/?post_type=product&#038;p=645"},"modified":"2025-12-30T17:19:24","modified_gmt":"2025-12-30T15:19:24","slug":"herksttrompete-pilugele","status":"publish","type":"product","link":"https:\/\/esentevibrationale.com\/?product=herksttrompete-pilugele","title":{"rendered":"Herkule Maze (Herkuleskeule) \/ Pilugele"},"content":{"rendered":"<p><strong>(Clavariadelphus pistillaris)<\/strong><\/p>\n<p><em>Pilugele corespunde grupei de ciuperci necomestibile. Interesant este faptul c\u0103 acestea se g\u0103sesc \u00een p\u0103duri de foioase, \u00een special, sub p\u0103dure. La fel ca un pistil, aceast\u0103 ciuperc\u0103 galben\u0103 ajunge la \u00een\u0103l\u021bimea de 12 cm deasupra p\u0103m\u00e2ntului. De obicei, cre\u0219te \u00eentre lunile august \u0219i noiembrie form\u00e2nd grupuri. Exist\u0103 5 variet\u0103\u021bi de Piluge, toate au roade c\u0103rnoase.<\/em><\/p>\n<p><strong><em>Efectul Esen\u021bei: <\/em><\/strong>Esen\u021ba Pilugelui stabile\u0219te uniunea cu Chakrele superioare (din Chakra a-8-a) \u0219i ofer\u0103 astfel o perspectiv\u0103 mai bun\u0103 asupra vie\u021bii.<\/p>\n<p><strong><em>Efectul Esen\u021bei la Nivel Fizic: <\/em><\/strong>\u00cen cazul problemelor corpului, aceast\u0103 esen\u021b\u0103 ne ajut\u0103 s\u0103 recunoa\u0219tem ce este \u00eentr-adev\u0103r mai bun pentru noi. Ne permite s\u0103 avem mult\u0103 \u00eencredere \u00een Creator \u0219i stabile\u0219te o uniune \u00eentre aceast\u0103 energie \u0219i energia vital\u0103 a Primei Chakrei. Ambele sus\u021bin un tratament de vindecare cu o mare putere interioar\u0103.<\/p>\n<p><strong><em>Efectul Esen\u021bei la Nivel Emo\u021bional: <\/em><\/strong>Ne ofer\u0103 un suport de energie aceast\u0103 esen\u021b\u0103, atunci c\u00e2nd trecem prin perioadele de neputin\u021b\u0103 \u0219i avem sentimentul c\u0103 suntem istovi\u021bi. Vom fi capabili s\u0103 identific\u0103m ce este mai bine pentru noi de la primul semn \u0219i vom fi capabili s\u0103 ne direc\u021bion\u0103m energia noastr\u0103 corespunz\u0103tor.<\/p>\n<p><strong><em>Efectul Esen\u021bei la Nivel Mental: <\/em><\/strong>Esen\u021ba determin\u0103 energie mental\u0103, de exemplu: \u00een perioadele de confuzie. Ne permite ne vedem &#8222;p\u0103m\u00e2ntul&#8221; iar \u0219i s\u0103 ne planific\u0103m viitorul. Energia mental\u0103 se \u00a0bazeaz\u0103 pe \u00eencrederea \u00een Creator, care este stimulat\u0103 de c\u0103tre esen\u021ba.<\/p>\n<p><strong><em>Efectul Esen\u021bei la Nivel Spiritual: <\/em><\/strong>Prin conectarea cu Chakrele superioare ne vom putea vedea dintr-o perspectiv\u0103 superioar\u0103. \u00cen Chakrele superioare se g\u0103se\u0219te \u0219i se vede planul vie\u021bii noastre. Ulterior noi putem tr\u0103i \u00een armonie cu Crea\u021bia.<\/p>\n<p><strong><em>Afirma\u021bia: <\/em><\/strong>M\u0103 pot vedea dintr-o perspectiv\u0103 mai \u00eenalt\u0103 \u0219i pot discerne ce este mai bun pentru mine \u00een fiecare moment.<\/p>\n<p>&nbsp;<\/p>\n","protected":false},"excerpt":{"rendered":"<p>(Clavariadelphus pistillaris) Pilugele corespunde grupei de ciuperci necomestibile. Interesant este faptul c\u0103 acestea se g\u0103sesc \u00een p\u0103duri de foioase, \u00een special, sub p\u0103dure. La fel ca un pistil, aceast\u0103 ciuperc\u0103 galben\u0103 ajunge la \u00een\u0103l\u021bimea de 12 cm deasupra p\u0103m\u00e2ntului. De obicei, cre\u0219te \u00eentre lunile august \u0219i noiembrie form\u00e2nd grupuri. Exist\u0103 5 variet\u0103\u021bi de Piluge, toate &hellip; <a href=\"https:\/\/esentevibrationale.com\/?product=herksttrompete-pilugele\" class=\"more-link\">Continu\u0103 lectura <span class=\"screen-reader-text\">Herkule Maze (Herkuleskeule) \/ Pilugele<\/span> <span class=\"meta-nav\">&rarr;<\/span><\/a><\/p>\n","protected":false},"featured_media":646,"template":"","meta":[],"product_brand":[],"product_cat":[19],"product_tag":[],"class_list":{"0":"post-645","1":"product","2":"type-product","3":"status-publish","4":"has-post-thumbnail","6":"product_cat-esente-de-ciuperci","7":"pa_size-15ml","8":"pa_size-30ml","10":"first","11":"instock","12":"shipping-taxable","13":"purchasable","14":"product-type-variable","15":"has-default-attributes"},"_links":{"self":[{"href":"https:\/\/esentevibrationale.com\/index.php?rest_route=\/wp\/v2\/product\/645","targetHints":{"allow":["GET"]}}],"collection":[{"href":"https:\/\/esentevibrationale.com\/index.php?rest_route=\/wp\/v2\/product"}],"about":[{"href":"https:\/\/esentevibrationale.com\/index.php?rest_route=\/wp\/v2\/types\/product"}],"wp:featuredmedia":[{"embeddable":true,"href":"https:\/\/esentevibrationale.com\/index.php?rest_route=\/wp\/v2\/media\/646"}],"wp:attachment":[{"href":"https:\/\/esentevibrationale.com\/index.php?rest_route=%2Fwp%2Fv2%2Fmedia&parent=645"}],"wp:term":[{"taxonomy":"product_brand","embeddable":true,"href":"https:\/\/esentevibrationale.com\/index.php?rest_route=%2Fwp%2Fv2%2Fproduct_brand&post=645"},{"taxonomy":"product_cat","embeddable":true,"href":"https:\/\/esentevibrationale.com\/index.php?rest_route=%2Fwp%2Fv2%2Fproduct_cat&post=645"},{"taxonomy":"product_tag","embeddable":true,"href":"https:\/\/esentevibrationale.com\/index.php?rest_route=%2Fwp%2Fv2%2Fproduct_tag&post=645"}],"curies":[{"name":"wp","href":"https:\/\/api.w.org\/{rel}","templated":true}]}}