{"id":6603,"date":"2019-11-26T09:27:34","date_gmt":"2019-11-26T07:27:34","guid":{"rendered":"https:\/\/esentevibrationale.com\/?post_type=product&#038;p=6603"},"modified":"2024-12-23T17:16:34","modified_gmt":"2024-12-23T15:16:34","slug":"201-blaesheim-strasbourg-fr-2019-blaesheim-strasbourg-franta-2019","status":"publish","type":"product","link":"https:\/\/esentevibrationale.com\/?product=201-blaesheim-strasbourg-fr-2019-blaesheim-strasbourg-franta-2019","title":{"rendered":"201.) Blaesheim Strasbourg, FR (2019) \/ Blaesheim Strasbourg, Fran\u0163a, (2019)"},"content":{"rendered":"<p><img decoding=\"async\" class=\"img-responsive\" title=\"201.) Blaesheim Strasbourg, FR (2019)\" src=\"https:\/\/www.phiessences.com\/images\/product_images\/info_images\/2011.jpg\" alt=\"201.) Blaesheim Strasbourg, FR (2019)\" data-magnifier-src=\"images\/product_images\/original_images\/2011.jpg\" \/><\/p>\n<p>Nu departe de Strasbourg, Consiliul Europei \u0219i Curtea European\u0103 de Justi\u021bie, forma\u021biunea reaminte\u0219te de Camera Parlamentului. Esen\u021ba compens\u0103rii. Ca jos, a\u015fa \u015fi sus (ca \u00een cer a\u015fa \u015fi pe p\u0103m\u00e2nt). Un indiciu pentru oameni, s\u0103 ac\u021bioneze prudent \u0219i responsabil. Pentru a dep\u0103\u0219i contrariile. Fiecare decizie, fiecare ac\u021biune duce la o reac\u021bie. S\u0103 fie \u00een echilibru cu toate for\u021bele \u0219i s\u0103 ac\u021bioneze cu inteligen\u021b\u0103 \u00een beneficiul tuturor.<\/p>\n","protected":false},"excerpt":{"rendered":"<p>Nu departe de Strasbourg, Consiliul Europei \u0219i Curtea European\u0103 de Justi\u021bie, forma\u021biunea reaminte\u0219te de Camera Parlamentului. Esen\u021ba compens\u0103rii. Ca jos, a\u015fa \u015fi sus (ca \u00een cer a\u015fa \u015fi pe p\u0103m\u00e2nt). Un indiciu pentru oameni, s\u0103 ac\u021bioneze prudent \u0219i responsabil. Pentru a dep\u0103\u0219i contrariile. Fiecare decizie, fiecare ac\u021biune duce la o reac\u021bie. S\u0103 fie \u00een echilibru &hellip; <a href=\"https:\/\/esentevibrationale.com\/?product=201-blaesheim-strasbourg-fr-2019-blaesheim-strasbourg-franta-2019\" class=\"more-link\">Continu\u0103 lectura <span class=\"screen-reader-text\">201.) Blaesheim Strasbourg, FR (2019) \/ Blaesheim Strasbourg, Fran\u0163a, (2019)<\/span> <span class=\"meta-nav\">&rarr;<\/span><\/a><\/p>\n","protected":false},"featured_media":6606,"template":"","meta":[],"product_brand":[],"product_cat":[54],"product_tag":[],"class_list":{"0":"post-6603","1":"product","2":"type-product","3":"status-publish","4":"has-post-thumbnail","6":"product_cat-esentele-crete-cu-ajutorul-energiei-cercurilor-aparute-in-lanurile-de-recolte","7":"pa_size-15ml","8":"pa_size-30ml","10":"first","11":"instock","12":"shipping-taxable","13":"purchasable","14":"product-type-variable","15":"has-default-attributes"},"_links":{"self":[{"href":"https:\/\/esentevibrationale.com\/index.php?rest_route=\/wp\/v2\/product\/6603","targetHints":{"allow":["GET"]}}],"collection":[{"href":"https:\/\/esentevibrationale.com\/index.php?rest_route=\/wp\/v2\/product"}],"about":[{"href":"https:\/\/esentevibrationale.com\/index.php?rest_route=\/wp\/v2\/types\/product"}],"wp:featuredmedia":[{"embeddable":true,"href":"https:\/\/esentevibrationale.com\/index.php?rest_route=\/wp\/v2\/media\/6606"}],"wp:attachment":[{"href":"https:\/\/esentevibrationale.com\/index.php?rest_route=%2Fwp%2Fv2%2Fmedia&parent=6603"}],"wp:term":[{"taxonomy":"product_brand","embeddable":true,"href":"https:\/\/esentevibrationale.com\/index.php?rest_route=%2Fwp%2Fv2%2Fproduct_brand&post=6603"},{"taxonomy":"product_cat","embeddable":true,"href":"https:\/\/esentevibrationale.com\/index.php?rest_route=%2Fwp%2Fv2%2Fproduct_cat&post=6603"},{"taxonomy":"product_tag","embeddable":true,"href":"https:\/\/esentevibrationale.com\/index.php?rest_route=%2Fwp%2Fv2%2Fproduct_tag&post=6603"}],"curies":[{"name":"wp","href":"https:\/\/api.w.org\/{rel}","templated":true}]}}