{"id":6625,"date":"2019-11-26T10:47:33","date_gmt":"2019-11-26T08:47:33","guid":{"rendered":"https:\/\/esentevibrationale.com\/?post_type=product&#038;p=6625"},"modified":"2024-01-09T13:11:17","modified_gmt":"2024-01-09T11:11:17","slug":"204-wolka-orchowska-pl-2019-wolka-orchowska-polonia-2019","status":"publish","type":"product","link":"https:\/\/esentevibrationale.com\/?product=204-wolka-orchowska-pl-2019-wolka-orchowska-polonia-2019","title":{"rendered":"204.) W\u00f3lka Orchowska, PL (2019) \/ W\u00f3lka Orchowska, Polonia (2019)"},"content":{"rendered":"<p><img loading=\"lazy\" decoding=\"async\" class=\"alignnone size-medium wp-image-13863\" src=\"https:\/\/esentevibrationale.com\/wp-content\/uploads\/2019\/11\/204-1-101x300.jpg\" alt=\"\" width=\"101\" height=\"300\" srcset=\"https:\/\/esentevibrationale.com\/wp-content\/uploads\/2019\/11\/204-1-101x300.jpg 101w, https:\/\/esentevibrationale.com\/wp-content\/uploads\/2019\/11\/204-1.jpg 268w\" sizes=\"auto, (max-width: 101px) 100vw, 101px\" \/><\/p>\n<p>Cercul din cultur\u0103 are\u00a0 forma simbolului yin yang. Forma\u021bia ne afecteaz\u0103 inima \u0219i are un efect de \u00eent\u0103rire energetic. Acesta \u00eenseamn\u0103 echilibrarea for\u021belor. Amintirile vechi, dureroase pot fi eliberate mai u\u0219or. Aceast\u0103 Esen\u021b\u0103 ne ajut\u0103 s\u0103 iert\u0103m \u0219i ne aduce \u00een Lotul interior. Oamenii \u00eenva\u021b\u0103 s\u0103 se \u00een\u021beleag\u0103 mai bine, s\u0103 comunice, s\u0103 se apropie \u0219i s\u0103 lucreze \u00eempreun\u0103 \u00een armonie.<\/p>\n<p><img loading=\"lazy\" decoding=\"async\" class=\"alignnone size-medium wp-image-13865\" src=\"https:\/\/esentevibrationale.com\/wp-content\/uploads\/2019\/11\/204-web-300x225.jpg\" alt=\"\" width=\"300\" height=\"225\" srcset=\"https:\/\/esentevibrationale.com\/wp-content\/uploads\/2019\/11\/204-web-300x225.jpg 300w, https:\/\/esentevibrationale.com\/wp-content\/uploads\/2019\/11\/204-web-768x576.jpg 768w, https:\/\/esentevibrationale.com\/wp-content\/uploads\/2019\/11\/204-web.jpg 800w\" sizes=\"auto, (max-width: 300px) 100vw, 300px\" \/><\/p>\n","protected":false},"excerpt":{"rendered":"<p>Cercul din cultur\u0103 are\u00a0 forma simbolului yin yang. Forma\u021bia ne afecteaz\u0103 inima \u0219i are un efect de \u00eent\u0103rire energetic. Acesta \u00eenseamn\u0103 echilibrarea for\u021belor. Amintirile vechi, dureroase pot fi eliberate mai u\u0219or. Aceast\u0103 Esen\u021b\u0103 ne ajut\u0103 s\u0103 iert\u0103m \u0219i ne aduce \u00een Lotul interior. Oamenii \u00eenva\u021b\u0103 s\u0103 se \u00een\u021beleag\u0103 mai bine, s\u0103 comunice, s\u0103 se apropie &hellip; <a href=\"https:\/\/esentevibrationale.com\/?product=204-wolka-orchowska-pl-2019-wolka-orchowska-polonia-2019\" class=\"more-link\">Continu\u0103 lectura <span class=\"screen-reader-text\">204.) W\u00f3lka Orchowska, PL (2019) \/ W\u00f3lka Orchowska, Polonia (2019)<\/span> <span class=\"meta-nav\">&rarr;<\/span><\/a><\/p>\n","protected":false},"featured_media":6626,"template":"","meta":[],"product_brand":[],"product_cat":[54],"product_tag":[],"class_list":{"0":"post-6625","1":"product","2":"type-product","3":"status-publish","4":"has-post-thumbnail","6":"product_cat-esentele-crete-cu-ajutorul-energiei-cercurilor-aparute-in-lanurile-de-recolte","7":"pa_size-15ml","8":"pa_size-30ml","10":"first","11":"instock","12":"shipping-taxable","13":"purchasable","14":"product-type-variable","15":"has-default-attributes"},"_links":{"self":[{"href":"https:\/\/esentevibrationale.com\/index.php?rest_route=\/wp\/v2\/product\/6625","targetHints":{"allow":["GET"]}}],"collection":[{"href":"https:\/\/esentevibrationale.com\/index.php?rest_route=\/wp\/v2\/product"}],"about":[{"href":"https:\/\/esentevibrationale.com\/index.php?rest_route=\/wp\/v2\/types\/product"}],"wp:featuredmedia":[{"embeddable":true,"href":"https:\/\/esentevibrationale.com\/index.php?rest_route=\/wp\/v2\/media\/6626"}],"wp:attachment":[{"href":"https:\/\/esentevibrationale.com\/index.php?rest_route=%2Fwp%2Fv2%2Fmedia&parent=6625"}],"wp:term":[{"taxonomy":"product_brand","embeddable":true,"href":"https:\/\/esentevibrationale.com\/index.php?rest_route=%2Fwp%2Fv2%2Fproduct_brand&post=6625"},{"taxonomy":"product_cat","embeddable":true,"href":"https:\/\/esentevibrationale.com\/index.php?rest_route=%2Fwp%2Fv2%2Fproduct_cat&post=6625"},{"taxonomy":"product_tag","embeddable":true,"href":"https:\/\/esentevibrationale.com\/index.php?rest_route=%2Fwp%2Fv2%2Fproduct_tag&post=6625"}],"curies":[{"name":"wp","href":"https:\/\/api.w.org\/{rel}","templated":true}]}}