{"id":6652,"date":"2019-11-26T11:48:54","date_gmt":"2019-11-26T09:48:54","guid":{"rendered":"https:\/\/esentevibrationale.com\/?post_type=product&#038;p=6652"},"modified":"2024-12-23T17:20:08","modified_gmt":"2024-12-23T15:20:08","slug":"210-tichborne-uk-2019-virusuri-anglia-2019","status":"publish","type":"product","link":"https:\/\/esentevibrationale.com\/?product=210-tichborne-uk-2019-virusuri-anglia-2019","title":{"rendered":"210.) Tichborne, UK (2019) \/ Virusuri, Anglia (2019)"},"content":{"rendered":"<p><img loading=\"lazy\" decoding=\"async\" class=\"alignnone size-medium wp-image-13882\" src=\"https:\/\/esentevibrationale.com\/wp-content\/uploads\/2019\/11\/210-101x300.jpg\" alt=\"\" width=\"101\" height=\"300\" srcset=\"https:\/\/esentevibrationale.com\/wp-content\/uploads\/2019\/11\/210-101x300.jpg 101w, https:\/\/esentevibrationale.com\/wp-content\/uploads\/2019\/11\/210.jpg 300w\" sizes=\"auto, (max-width: 101px) 100vw, 101px\" \/><\/p>\n<p>Esen\u021ba func\u021bioneaz\u0103 din punct de vedere energic asupra structurilor. La nivel fizic, are un efect energetic de \u00eent\u0103rire asupra oaselor \u0219i articula\u021biilor. Ajut\u0103 persoanele care doresc s\u0103 se restructureze pe plan intern, ajut\u0103 la o mai bun\u0103 clasificare a g\u00e2ndurilor \u0219i emo\u021biilor \u0219i la g\u0103sirea unei noi structuri interioare. Aceast\u0103 esen\u021b\u0103 creeaz\u0103, de asemenea, claritate \u00een sisteme \u0219i grupuri \u0219i ne ajut\u0103 s\u0103 ne consolid\u0103m \u00een interior.<\/p>\n","protected":false},"excerpt":{"rendered":"<p>Esen\u021ba func\u021bioneaz\u0103 din punct de vedere energic asupra structurilor. La nivel fizic, are un efect energetic de \u00eent\u0103rire asupra oaselor \u0219i articula\u021biilor. Ajut\u0103 persoanele care doresc s\u0103 se restructureze pe plan intern, ajut\u0103 la o mai bun\u0103 clasificare a g\u00e2ndurilor \u0219i emo\u021biilor \u0219i la g\u0103sirea unei noi structuri interioare. Aceast\u0103 esen\u021b\u0103 creeaz\u0103, de asemenea, claritate &hellip; <a href=\"https:\/\/esentevibrationale.com\/?product=210-tichborne-uk-2019-virusuri-anglia-2019\" class=\"more-link\">Continu\u0103 lectura <span class=\"screen-reader-text\">210.) Tichborne, UK (2019) \/ Virusuri, Anglia (2019)<\/span> <span class=\"meta-nav\">&rarr;<\/span><\/a><\/p>\n","protected":false},"featured_media":6653,"template":"","meta":[],"product_brand":[],"product_cat":[54],"product_tag":[],"class_list":{"0":"post-6652","1":"product","2":"type-product","3":"status-publish","4":"has-post-thumbnail","6":"product_cat-esentele-crete-cu-ajutorul-energiei-cercurilor-aparute-in-lanurile-de-recolte","7":"pa_size-15ml","8":"pa_size-30ml","10":"first","11":"instock","12":"shipping-taxable","13":"purchasable","14":"product-type-variable","15":"has-default-attributes"},"_links":{"self":[{"href":"https:\/\/esentevibrationale.com\/index.php?rest_route=\/wp\/v2\/product\/6652","targetHints":{"allow":["GET"]}}],"collection":[{"href":"https:\/\/esentevibrationale.com\/index.php?rest_route=\/wp\/v2\/product"}],"about":[{"href":"https:\/\/esentevibrationale.com\/index.php?rest_route=\/wp\/v2\/types\/product"}],"wp:featuredmedia":[{"embeddable":true,"href":"https:\/\/esentevibrationale.com\/index.php?rest_route=\/wp\/v2\/media\/6653"}],"wp:attachment":[{"href":"https:\/\/esentevibrationale.com\/index.php?rest_route=%2Fwp%2Fv2%2Fmedia&parent=6652"}],"wp:term":[{"taxonomy":"product_brand","embeddable":true,"href":"https:\/\/esentevibrationale.com\/index.php?rest_route=%2Fwp%2Fv2%2Fproduct_brand&post=6652"},{"taxonomy":"product_cat","embeddable":true,"href":"https:\/\/esentevibrationale.com\/index.php?rest_route=%2Fwp%2Fv2%2Fproduct_cat&post=6652"},{"taxonomy":"product_tag","embeddable":true,"href":"https:\/\/esentevibrationale.com\/index.php?rest_route=%2Fwp%2Fv2%2Fproduct_tag&post=6652"}],"curies":[{"name":"wp","href":"https:\/\/api.w.org\/{rel}","templated":true}]}}