{"id":785,"date":"2018-10-26T09:38:29","date_gmt":"2018-10-26T07:38:29","guid":{"rendered":"http:\/\/phiessences.com\/Romania\/?post_type=product&#038;p=785"},"modified":"2025-12-30T17:06:06","modified_gmt":"2025-12-30T15:06:06","slug":"aleuria-ochiul-caprei","status":"publish","type":"product","link":"https:\/\/esentevibrationale.com\/?product=aleuria-ochiul-caprei","title":{"rendered":"Aleuria \/ Ochiul Caprei"},"content":{"rendered":"<p><em>Ciuperca Ochiului Caprei datorit\u0103 dimensiunii sale (de 2 &#8211; 10 cm l\u0103\u021bime) \u0219i a culorii sale portocaliu intens, poate fi greu de confundat. Aceast\u0103 ciuperc\u0103 comestibil\u0103 poate fi g\u0103sit\u0103 \u00een sol n\u0103molos pe drumuri \u0219i \u00een locurile foarte rar populate \u00een p\u0103duri, \u00eentre lunile mai \u0219i octombrie. \u00cen Europa, exist\u0103 aproximativ 5 specii de Ochiul Caprei \u0219i culorile lor variaz\u0103 de la portocaliu la ro\u0219cat sau la galben auriu.<\/em><\/p>\n<p><strong>(Aleuria aurantia) <\/strong><\/p>\n<p><strong><em>Efectul Esen\u021bei<\/em><\/strong><em>: <\/em>Aceast\u0103 esen\u021ba ne ajut\u0103 s\u0103 g\u0103sim echilibrul \u00eentre materie \u0219i spirit, \u00een timp ce regleaz\u0103 at\u00e2t \u00eenr\u0103d\u0103cinarea prea puternic\u0103 c\u00e2t \u0219i \u00eenr\u0103dacinarea prea pu\u021bin\u0103 \u00een materie.<\/p>\n<p><strong><em>Efectul Esen\u021bei la Nivel Fizic: <\/em><\/strong>At\u00e2t ata\u0219amentul excesiv c\u00e2t \u0219i cel foarte sc\u0103zut fa\u021b\u0103 de material, pot cauza disconfort corpului. \u00cen primul caz, sentimentele de indolen\u021b\u0103 sau teama de face ceva nou ne paralizeaz\u0103. \u00cen al doilea caz, dorim sprijin \u0219i for\u021b\u0103 \u2013 de exemplu: devenim ame\u021bi\u021bi sau <em>ne l\u0103s\u0103m prad\u0103 nervilor, etc. <\/em>\u00cen ambele situa\u021bii, esen\u021ba poate ajuta la crearea unui sentiment armonios \u0219i stabil al corpului.<\/p>\n<p><strong><em>Efectul Esen\u021bei la Nivel Emo\u021bional: <\/em><\/strong>Esen\u021ba Ochiului Caprei ne ajut\u0103 s\u0103 regl\u0103m at\u00e2t emo\u021biile rigide, c\u00e2t \u0219i absen\u021ba emo\u021biilor \u0219i s\u0103 g\u0103sim un echilibrul armonios.<\/p>\n<p><strong><em>Efectul Esen\u021bei la Nivel Mental: <\/em><\/strong>Oamenii bloca\u021bi \u00een mental, adesea se simt atra\u0219i de aceast\u0103 esen\u021b\u0103. \u00cei ajut\u0103 s\u0103 fie foarte aten\u021bi la nevoile lor fizice. Prin esen\u021b\u0103 devine posibil s\u0103 test\u0103m structurile mentale dac\u0103 sunt fezabile \u0219i s\u0103 le realiz\u0103m.<\/p>\n<p><strong><em>Efectul Esen\u021bei la Nivel Spiritual: <\/em><\/strong>Efectul intens de echilibrare dintre cer \u0219i p\u0103m\u00e2nt, pe care \u00eel are esen\u021b\u0103, sus\u021bine procesele de dezvoltare spiritual\u0103. Persoanele, care p\u00e2n\u0103 acum nu au fost foarte atente la nivelul lor spiritual datorit\u0103 ata\u0219amentului fa\u021b\u0103 de lucrurile materiale, vor deveni foarte senzive la aceast\u0103 parte a fiin\u021bei lor. Pe de alt\u0103 parte, cei care au fost &#8222;\u00eendep\u0103rta\u021bi&#8221; p\u00e2n\u0103 acum \u0219i extrem de senzitivi \u00een ceea ce prive\u0219te experien\u021bele spirituale, vor vedea cum esen\u021ba \u00eei va ajuta s\u0103 mute spiritualitatea lor \u00een via\u021ba cotidian\u0103.<\/p>\n<p><strong><em>Afirma\u021bia<\/em><\/strong><em>: <\/em>G\u0103sesc echilibrul dintre cer \u0219i P\u0103m\u00e2nt.<\/p>\n","protected":false},"excerpt":{"rendered":"<p>Ciuperca Ochiului Caprei datorit\u0103 dimensiunii sale (de 2 &#8211; 10 cm l\u0103\u021bime) \u0219i a culorii sale portocaliu intens, poate fi greu de confundat. Aceast\u0103 ciuperc\u0103 comestibil\u0103 poate fi g\u0103sit\u0103 \u00een sol n\u0103molos pe drumuri \u0219i \u00een locurile foarte rar populate \u00een p\u0103duri, \u00eentre lunile mai \u0219i octombrie. \u00cen Europa, exist\u0103 aproximativ 5 specii de Ochiul &hellip; <a href=\"https:\/\/esentevibrationale.com\/?product=aleuria-ochiul-caprei\" class=\"more-link\">Continu\u0103 lectura <span class=\"screen-reader-text\">Aleuria \/ Ochiul Caprei<\/span> <span class=\"meta-nav\">&rarr;<\/span><\/a><\/p>\n","protected":false},"featured_media":792,"template":"","meta":[],"product_brand":[],"product_cat":[19],"product_tag":[],"class_list":{"0":"post-785","1":"product","2":"type-product","3":"status-publish","4":"has-post-thumbnail","6":"product_cat-esente-de-ciuperci","7":"pa_size-15ml","8":"pa_size-30ml","10":"first","11":"instock","12":"shipping-taxable","13":"purchasable","14":"product-type-variable","15":"has-default-attributes"},"_links":{"self":[{"href":"https:\/\/esentevibrationale.com\/index.php?rest_route=\/wp\/v2\/product\/785","targetHints":{"allow":["GET"]}}],"collection":[{"href":"https:\/\/esentevibrationale.com\/index.php?rest_route=\/wp\/v2\/product"}],"about":[{"href":"https:\/\/esentevibrationale.com\/index.php?rest_route=\/wp\/v2\/types\/product"}],"wp:featuredmedia":[{"embeddable":true,"href":"https:\/\/esentevibrationale.com\/index.php?rest_route=\/wp\/v2\/media\/792"}],"wp:attachment":[{"href":"https:\/\/esentevibrationale.com\/index.php?rest_route=%2Fwp%2Fv2%2Fmedia&parent=785"}],"wp:term":[{"taxonomy":"product_brand","embeddable":true,"href":"https:\/\/esentevibrationale.com\/index.php?rest_route=%2Fwp%2Fv2%2Fproduct_brand&post=785"},{"taxonomy":"product_cat","embeddable":true,"href":"https:\/\/esentevibrationale.com\/index.php?rest_route=%2Fwp%2Fv2%2Fproduct_cat&post=785"},{"taxonomy":"product_tag","embeddable":true,"href":"https:\/\/esentevibrationale.com\/index.php?rest_route=%2Fwp%2Fv2%2Fproduct_tag&post=785"}],"curies":[{"name":"wp","href":"https:\/\/api.w.org\/{rel}","templated":true}]}}