{"id":797,"date":"2018-10-26T09:52:45","date_gmt":"2018-10-26T07:52:45","guid":{"rendered":"http:\/\/phiessences.com\/Romania\/?post_type=product&#038;p=797"},"modified":"2026-04-08T14:55:33","modified_gmt":"2026-04-08T11:55:33","slug":"schmetterlingstrompete-many-zoned-polypore-coada-de-curcan","status":"publish","type":"product","link":"https:\/\/esentevibrationale.com\/?product=schmetterlingstrompete-many-zoned-polypore-coada-de-curcan","title":{"rendered":"Many-Zoned Polypore \/ Coad\u0103 de Curcan"},"content":{"rendered":"<p><strong>(Trametes versicolor) <\/strong><\/p>\n<p><em>Coada de Curcan apar\u021bine grupului de ciuperci necomestibile. Cre\u0219te pe tot parcursul anului pe tipuri variate de lemn \u0219i poate ajunge la un diametru \u00eentre 3 &#8211; 10 cm av\u00e2nd o form\u0103 similar\u0103 evantaiului, nu are picior \u0219i cre\u0219te \u00een grupuri suprapuse. Gama de culori variaz\u0103 de la bej la maro \u00eenchis. Poate fi g\u0103sit\u0103 av\u00e2nd culoarea verde p\u0103tat\u0103 de alge. Exist\u0103 aproximativ 7 specii de acest gen, care tr\u0103iesc saprofitic (cu substan\u021be putrefactive din alte plante) \u0219i parazitare, produc un putregai alb intens \u00een lemn.<\/em><\/p>\n<p><strong><em>Efectul Esen\u021bei: <\/em><\/strong>Esen\u021ba Ciupercii Coad\u0103 de Curcan cre\u0219te capacitatea noastr\u0103 de a ne percepe pe noi \u00een\u0219ine \u0219i ne protejeaz\u0103 de energiile exterioare. Ne protejeaz\u0103 la nivel energetic \u00een momentele de criz\u0103 \u0219i de transformare din vie\u021bilor noastre.<\/p>\n<p><strong><em>Efectul Esen\u021bei la Nivel Fizic: <\/em><\/strong>Nu este straniu faptul c\u0103 schimb\u0103rile \u0219i crizele ne afecteaz\u0103 corpul. Prin energia progresiv reconfortant\u0103, aceast\u0103 esen\u021b\u0103 ne permite s\u0103 dep\u0103\u0219im perioadele dificile \u0219i s\u0103 elimin\u0103m problemele corporale. Mai mult dec\u00e2t at\u00e2t, efectul puternic protector al esen\u021bei ajut\u0103 persoanele care sunt foarte sensibile la infec\u021bie sau parazi\u021bi energetici. Av\u00e2nd o protec\u021bie intrinsec\u0103, putem elimina energiile exterioare nes\u0103n\u0103toase, care \u00een mod contrar ar putea declan\u0219a \u00a0reac\u021bii fizice.<\/p>\n<p><strong><em>Efectul Esen\u021bei la Nivel Emo\u021bional: <\/em><\/strong>C\u00e2nd fiin\u021ba este afectat\u0103 din punct de vedere emo\u021bional, exist\u0103 riscul s\u0103 se piard\u0103 \u00eentr-o stare \u0219i astfel, nu mai se percepe pe ea \u00eens\u0103\u0219i. \u00cen aceste cazuri, esen\u021ba contribuie la cre\u0219terea con\u0219tiin\u021bei de sine \u0219i ajut\u0103 la recunoa\u0219terea propriei energii interioare, r\u0103sp\u00e2nde\u0219te \u00een situa\u021biile de criz\u0103.<\/p>\n<p><strong><em>Efectul Esen\u021bei la Nivel Mental: <\/em><\/strong>Atunci c\u00e2nd puterea noastr\u0103 mental\u0103 este umbrit\u0103 de griji \u0219i frici, aceast\u0103 esen\u021b\u0103 ne poate ajuta s\u0103 cre\u0103m un nou scop vital mental \u0219i s\u0103 \u00eel urm\u0103m. Ne permite s\u0103 ne protej\u0103m de energia exterioar\u0103 \u0219i s\u0103 r\u0103m\u00e2nem concentra\u021bi.<\/p>\n<p><strong><em>Efectul Esen\u021bei la Nivel Spiritual: <\/em><\/strong>Energia exterioar\u0103 \u0219i parazi\u021bii energetici ne pot consuma puterea \u0219i ne \u00eempiedic\u0103 experien\u021bele spirituale. Cu esen\u021ba Ciupercii Coad\u0103 de Curcan devenim capabili s\u0103 recunoa\u0219tem \u0219i s\u0103 elimin\u0103m aceste tipuri de influen\u021be. Rec\u0103p\u0103t\u0103m o percep\u021bie intens\u0103 proprie \u0219i suntem deschi\u0219i la experien\u021bele spirituale.<\/p>\n<p><strong><em>Afirma\u021bia: <\/em><\/strong>M\u0103 percep pe mine \u00eensumi \/ \u00eens\u0103mi, sunt con\u0219tient\/\u0103 de mine \u0219i m\u0103 simt sigur\/\u0103 iar.<\/p>\n","protected":false},"excerpt":{"rendered":"<p>(Trametes versicolor) Coada de Curcan apar\u021bine grupului de ciuperci necomestibile. Cre\u0219te pe tot parcursul anului pe tipuri variate de lemn \u0219i poate ajunge la un diametru \u00eentre 3 &#8211; 10 cm av\u00e2nd o form\u0103 similar\u0103 evantaiului, nu are picior \u0219i cre\u0219te \u00een grupuri suprapuse. Gama de culori variaz\u0103 de la bej la maro \u00eenchis. Poate &hellip; <a href=\"https:\/\/esentevibrationale.com\/?product=schmetterlingstrompete-many-zoned-polypore-coada-de-curcan\" class=\"more-link\">Continu\u0103 lectura <span class=\"screen-reader-text\">Many-Zoned Polypore \/ Coad\u0103 de Curcan<\/span> <span class=\"meta-nav\">&rarr;<\/span><\/a><\/p>\n","protected":false},"featured_media":800,"template":"","meta":[],"product_brand":[],"product_cat":[19],"product_tag":[],"class_list":{"0":"post-797","1":"product","2":"type-product","3":"status-publish","4":"has-post-thumbnail","6":"product_cat-esente-de-ciuperci","7":"pa_size-15ml","8":"pa_size-30ml","10":"first","11":"instock","12":"shipping-taxable","13":"purchasable","14":"product-type-variable","15":"has-default-attributes"},"_links":{"self":[{"href":"https:\/\/esentevibrationale.com\/index.php?rest_route=\/wp\/v2\/product\/797","targetHints":{"allow":["GET"]}}],"collection":[{"href":"https:\/\/esentevibrationale.com\/index.php?rest_route=\/wp\/v2\/product"}],"about":[{"href":"https:\/\/esentevibrationale.com\/index.php?rest_route=\/wp\/v2\/types\/product"}],"wp:featuredmedia":[{"embeddable":true,"href":"https:\/\/esentevibrationale.com\/index.php?rest_route=\/wp\/v2\/media\/800"}],"wp:attachment":[{"href":"https:\/\/esentevibrationale.com\/index.php?rest_route=%2Fwp%2Fv2%2Fmedia&parent=797"}],"wp:term":[{"taxonomy":"product_brand","embeddable":true,"href":"https:\/\/esentevibrationale.com\/index.php?rest_route=%2Fwp%2Fv2%2Fproduct_brand&post=797"},{"taxonomy":"product_cat","embeddable":true,"href":"https:\/\/esentevibrationale.com\/index.php?rest_route=%2Fwp%2Fv2%2Fproduct_cat&post=797"},{"taxonomy":"product_tag","embeddable":true,"href":"https:\/\/esentevibrationale.com\/index.php?rest_route=%2Fwp%2Fv2%2Fproduct_tag&post=797"}],"curies":[{"name":"wp","href":"https:\/\/api.w.org\/{rel}","templated":true}]}}