{"id":801,"date":"2018-10-26T09:56:18","date_gmt":"2018-10-26T07:56:18","guid":{"rendered":"http:\/\/phiessences.com\/Romania\/?post_type=product&#038;p=801"},"modified":"2025-12-30T17:53:45","modified_gmt":"2025-12-30T15:53:45","slug":"summer-cep-hrib-estival","status":"publish","type":"product","link":"https:\/\/esentevibrationale.com\/?product=summer-cep-hrib-estival","title":{"rendered":"Summer Cep  \/ Hrib Estival"},"content":{"rendered":"<p><strong>(Boletus reticulatus)<\/strong><\/p>\n<p><em>Hribul Estival este o ciuperc\u0103 comestibil\u0103, care poate fi g\u0103sit\u0103 \u00eentre lunile mai \u0219i august. Cre\u0219te \u00een p\u0103duri, \u00een special, sub stejari. P\u0103l\u0103ria sa are diametru \u00eentre 8 &#8211; 15 cm, este maro deschis, uscat\u0103, moale \u0219i catifelat\u0103 la atingere. Piciorul s\u0103u gros este acoperit aproape de baz\u0103 de un net albicios clar vizibil. Exist\u0103 \u00een jur de 25 de tipuri de Boletus, de obicei sunt compacte \u0219i cu talia joas\u0103. Pulberea de spori este maro-m\u0103slinie, spori sunt netezi \u0219i au form\u0103 de fus.<\/em><\/p>\n<p><strong><em>Efectul Esen\u021bei: <\/em><\/strong>Esen\u021ba Hribului Estival ne conecteaz\u0103 cu energia P\u0103m\u00e2ntului \u0219i constituie o protec\u021bie energetic\u0103 pentru \u00eentregul organism.<\/p>\n<p><strong><em>Efectul Esen\u021bei la Nivel Fizic: <\/em><\/strong>Aceast\u0103 esen\u021b\u0103 ac\u021bioneaz\u0103 ca o protec\u021bie energetic\u0103 pentru \u00eentregul organism. \u00cen special, s-a dovedit a fi util\u0103 atunci c\u00e2nd exist\u0103 riscul de infec\u021bie \u0219i c\u00e2nd c\u0103l\u0103torim pentru a ne proteja organismul de germeni \u0219i viru\u0219i, din punct de vedere energetic.<\/p>\n<p><strong><em>Efectul Esen\u021bei la Nivel Emo\u021bional: <\/em><\/strong>Persoanele care se simt vulnerabile \u0219i caut\u0103 siguran\u021b\u0103, g\u0103sesc suport energetic \u00een aceast\u0103 esen\u021b\u0103. Aceasta ne conduce spre for\u021ba noastr\u0103 interioar\u0103 \u0219i ne permite s\u0103 eradic\u0103m sentimentele de sl\u0103biciune. Ne sim\u021bim conecta\u021bi cu P\u0103m\u00e2ntul \u0219i ne putem scufunda \u00een energia sa puternic\u0103.<\/p>\n<p><strong><em>Efectul Esen\u021bei la Nivel Mental: <\/em><\/strong>Prin conexiunea str\u00e2ns\u0103 cu P\u0103m\u00e2ntul, pe care o transmite aceast\u0103 esen\u021b\u0103, ne putem elibera mintea de energiile tulbur\u0103toare \u0219i for\u021ba noastr\u0103 mental\u0103 se poate dezvolta liber.<\/p>\n<p><strong><em>Efectul Esen\u021bei la Nivel Spiritual: <\/em><\/strong>Esen\u021ba Hribului Estival ne preg\u0103te\u0219te s\u0103 experiment\u0103m o via\u021ba tr\u0103it\u0103 \u00een comuniune cu P\u0103m\u00e2ntul. Ne putem deschide pe noi \u00een\u0219ine c\u0103tre mesajul P\u0103m\u00e2ntului \u0219i astfel putem dezvolta o conexiune excelent\u0103 cu Planeta noastr\u0103.<\/p>\n<p><strong><em>Afirma\u021bia: <\/em><\/strong>Simt energia P\u0103m\u00e2ntului \u0219i m\u0103 unesc cu el.<\/p>\n","protected":false},"excerpt":{"rendered":"<p>(Boletus reticulatus) Hribul Estival este o ciuperc\u0103 comestibil\u0103, care poate fi g\u0103sit\u0103 \u00eentre lunile mai \u0219i august. Cre\u0219te \u00een p\u0103duri, \u00een special, sub stejari. P\u0103l\u0103ria sa are diametru \u00eentre 8 &#8211; 15 cm, este maro deschis, uscat\u0103, moale \u0219i catifelat\u0103 la atingere. Piciorul s\u0103u gros este acoperit aproape de baz\u0103 de un net albicios clar &hellip; <a href=\"https:\/\/esentevibrationale.com\/?product=summer-cep-hrib-estival\" class=\"more-link\">Continu\u0103 lectura <span class=\"screen-reader-text\">Summer Cep  \/ Hrib Estival<\/span> <span class=\"meta-nav\">&rarr;<\/span><\/a><\/p>\n","protected":false},"featured_media":802,"template":"","meta":[],"product_brand":[],"product_cat":[19],"product_tag":[],"class_list":{"0":"post-801","1":"product","2":"type-product","3":"status-publish","4":"has-post-thumbnail","6":"product_cat-esente-de-ciuperci","7":"pa_size-15ml","8":"pa_size-30ml","10":"first","11":"instock","12":"shipping-taxable","13":"purchasable","14":"product-type-variable","15":"has-default-attributes"},"_links":{"self":[{"href":"https:\/\/esentevibrationale.com\/index.php?rest_route=\/wp\/v2\/product\/801","targetHints":{"allow":["GET"]}}],"collection":[{"href":"https:\/\/esentevibrationale.com\/index.php?rest_route=\/wp\/v2\/product"}],"about":[{"href":"https:\/\/esentevibrationale.com\/index.php?rest_route=\/wp\/v2\/types\/product"}],"wp:featuredmedia":[{"embeddable":true,"href":"https:\/\/esentevibrationale.com\/index.php?rest_route=\/wp\/v2\/media\/802"}],"wp:attachment":[{"href":"https:\/\/esentevibrationale.com\/index.php?rest_route=%2Fwp%2Fv2%2Fmedia&parent=801"}],"wp:term":[{"taxonomy":"product_brand","embeddable":true,"href":"https:\/\/esentevibrationale.com\/index.php?rest_route=%2Fwp%2Fv2%2Fproduct_brand&post=801"},{"taxonomy":"product_cat","embeddable":true,"href":"https:\/\/esentevibrationale.com\/index.php?rest_route=%2Fwp%2Fv2%2Fproduct_cat&post=801"},{"taxonomy":"product_tag","embeddable":true,"href":"https:\/\/esentevibrationale.com\/index.php?rest_route=%2Fwp%2Fv2%2Fproduct_tag&post=801"}],"curies":[{"name":"wp","href":"https:\/\/api.w.org\/{rel}","templated":true}]}}