{"id":809,"date":"2018-10-26T10:11:24","date_gmt":"2018-10-26T08:11:24","guid":{"rendered":"http:\/\/phiessences.com\/Romania\/?post_type=product&#038;p=809"},"modified":"2025-12-30T17:50:50","modified_gmt":"2025-12-30T15:50:50","slug":"vesuv-lichen","status":"publish","type":"product","link":"https:\/\/esentevibrationale.com\/?product=vesuv-lichen","title":{"rendered":"Vesuv Lichen \/ Lichenul Vesuv"},"content":{"rendered":"<p><strong>(Sterecaulon vesuvianum)<\/strong><\/p>\n<p><em>Este o plant\u0103 pionier. Prima colonizare a fost g\u0103sit\u0103 pe lava proasp\u0103t\u0103 a vulcanului Teide din Tenerife \u0219i a mai fost prezent, totodat\u0103, \u00een Vesuvius (de aici provine \u0219i numele s\u0103u). Acest Lichen gri \u00een form\u0103 de tuf\u0103 prolifereaz\u0103 pe lav\u0103 proasp\u0103t petrificat\u0103. To\u021bi lichenii tr\u0103iesc \u00een simbioz\u0103, adic\u0103 grupuri de ciuperci \u0219i alge care se dezvolt\u0103 pe orizontal\u0103 sau pe vertical\u0103. Suprafa\u021ba lor roz-albicioas\u0103 este izbitoare, de\u0219i nodulii de alge &#8211; albastru &#8211; verde le ofer\u0103 o culoare albastru &#8211; verde deschis.<\/em><\/p>\n<p><strong><em>Efectul Esen\u021bei: <\/em><\/strong>Esen\u021ba Lichenului Vesuv ne transmite energie pentru a putea s\u0103 o lu\u0103m de la cap\u0103t din nou, dup\u0103 ce trecem printr-un eveniment tragic. Stimuleaz\u0103 voin\u021ba noastr\u0103 de \u00eenainta \u00een via\u021b\u0103 chiar \u0219i cu pa\u0219i mici.<\/p>\n<p><strong><em>Efectul Esen\u021bei la Nivel Fizic: <\/em><\/strong>\u00cen timpul etapelor dificile ale vie\u021bii, multe suferin\u021be corporale, care rezult\u0103 de la deficien\u021bele psihologice, ne pot afecta \u00een mod negativ. \u00cen aceste cazuri, esen\u021ba Lichenului Vesuv ne ajut\u0103 s\u0103 ne g\u0103sim for\u021ba interioar\u0103 \u0219i s\u0103 dep\u0103\u0219im problemele fizice condi\u021bionate mental.<\/p>\n<p><strong><em>Efectul Esen\u021bei la Nivel Emo\u021bional: <\/em><\/strong>Sentimentele de sl\u0103biciune, de disperare sau de descurajare ob\u021bin un ajutor eficient din aceast\u0103 esen\u021b\u0103. Sim\u021bim acest lucru ca pe o activare interioar\u0103, re\u00eennoind speran\u021ba \u0219i dorin\u021ba de a \u00eencepe din nou.<\/p>\n<p><strong><em>Efectul Esen\u021bei la Nivel Mental: <\/em><\/strong>Esen\u021ba ne sus\u021bine c\u00e2nd dorim s\u0103 ne organiz\u0103m via\u021ba din punct de vedere mental. Mai ales dup\u0103 schimb\u0103rile dificile ale vie\u021bii, unde via\u021ba se poate schimba radical \u0219i \u00een fiecare rela\u021bie ne \u00eencurajeaz\u0103 s\u0103 mergem \u00eenainte pas cu pas \u0219i ne preg\u0103tim mental pentru propriul scop \u00een via\u021b\u0103.<\/p>\n<p><strong><em>Efectul Esen\u021bei la Nivel Spiritual: <\/em><\/strong>Cotiturile vie\u021bii necesit\u0103 mult\u0103 energie, pe care o putem g\u0103si \u00een deschiderea spiritual\u0103. Cu energia esen\u021bei ne va fi mai u\u0219or s\u0103 \u00een\u021belegem situa\u021biile din jurul nostru \u0219i s\u0103 recunoa\u0219tem sensul \u0219i crea\u021bia \u00een toate. Prin urmare, vom atinge un nivel superior de pace interioar\u0103, care ne va aduce energie \u0219i ne va ghida \u00een via\u021b\u0103.<\/p>\n<p><strong><em>Afirma\u021bia: <\/em><\/strong>Sunt la \u00eenceput de drum \u0219i de aici v\u0103d un sens nou \u0219i o nou\u0103 orientare \u00een via\u021ba mea.<\/p>\n","protected":false},"excerpt":{"rendered":"<p>(Sterecaulon vesuvianum) Este o plant\u0103 pionier. Prima colonizare a fost g\u0103sit\u0103 pe lava proasp\u0103t\u0103 a vulcanului Teide din Tenerife \u0219i a mai fost prezent, totodat\u0103, \u00een Vesuvius (de aici provine \u0219i numele s\u0103u). Acest Lichen gri \u00een form\u0103 de tuf\u0103 prolifereaz\u0103 pe lav\u0103 proasp\u0103t petrificat\u0103. To\u021bi lichenii tr\u0103iesc \u00een simbioz\u0103, adic\u0103 grupuri de ciuperci \u0219i &hellip; <a href=\"https:\/\/esentevibrationale.com\/?product=vesuv-lichen\" class=\"more-link\">Continu\u0103 lectura <span class=\"screen-reader-text\">Vesuv Lichen \/ Lichenul Vesuv<\/span> <span class=\"meta-nav\">&rarr;<\/span><\/a><\/p>\n","protected":false},"featured_media":812,"template":"","meta":[],"product_brand":[],"product_cat":[19],"product_tag":[],"class_list":{"0":"post-809","1":"product","2":"type-product","3":"status-publish","4":"has-post-thumbnail","6":"product_cat-esente-de-ciuperci","7":"pa_size-15ml","8":"pa_size-30ml","10":"first","11":"instock","12":"shipping-taxable","13":"purchasable","14":"product-type-variable","15":"has-default-attributes"},"_links":{"self":[{"href":"https:\/\/esentevibrationale.com\/index.php?rest_route=\/wp\/v2\/product\/809","targetHints":{"allow":["GET"]}}],"collection":[{"href":"https:\/\/esentevibrationale.com\/index.php?rest_route=\/wp\/v2\/product"}],"about":[{"href":"https:\/\/esentevibrationale.com\/index.php?rest_route=\/wp\/v2\/types\/product"}],"wp:featuredmedia":[{"embeddable":true,"href":"https:\/\/esentevibrationale.com\/index.php?rest_route=\/wp\/v2\/media\/812"}],"wp:attachment":[{"href":"https:\/\/esentevibrationale.com\/index.php?rest_route=%2Fwp%2Fv2%2Fmedia&parent=809"}],"wp:term":[{"taxonomy":"product_brand","embeddable":true,"href":"https:\/\/esentevibrationale.com\/index.php?rest_route=%2Fwp%2Fv2%2Fproduct_brand&post=809"},{"taxonomy":"product_cat","embeddable":true,"href":"https:\/\/esentevibrationale.com\/index.php?rest_route=%2Fwp%2Fv2%2Fproduct_cat&post=809"},{"taxonomy":"product_tag","embeddable":true,"href":"https:\/\/esentevibrationale.com\/index.php?rest_route=%2Fwp%2Fv2%2Fproduct_tag&post=809"}],"curies":[{"name":"wp","href":"https:\/\/api.w.org\/{rel}","templated":true}]}}