{"id":813,"date":"2018-10-26T10:19:52","date_gmt":"2018-10-26T08:19:52","guid":{"rendered":"http:\/\/phiessences.com\/Romania\/?post_type=product&#038;p=813"},"modified":"2025-12-30T17:23:01","modified_gmt":"2025-12-30T15:23:01","slug":"lepiste-stanjenite","status":"publish","type":"product","link":"https:\/\/esentevibrationale.com\/?product=lepiste-stanjenite","title":{"rendered":"Lepiste \/ St\u00e2njeni\u0163e"},"content":{"rendered":"<p><strong>(Lepista irina) <\/strong><\/p>\n<p><em>St\u00e2njeni\u021ba este o ciuperc\u0103 comestibil\u0103, care poate fi g\u0103sit\u0103 \u00eentre lunile septembrie \u0219i octombrie \u00een p\u0103durile de foioase \u0219i mixte. Este recognoscibil\u0103 <\/em><em>dup\u0103 p\u0103l\u0103ria sa umed\u0103, moale, de culoarea pielii crude, aceasta av\u00e2nd un diametru cuprins \u00eentre 3 &#8211; 10 cm. Lamelele limpezi de culoare crem au un punct de culoarea pielii. Piciorul poate fi de la culoare alb\u0103 la maro g\u0103lbui \u0219i fibrele, care \u00eel formeaz\u0103, pot fi aranjate longitudinal sau \u00een form\u0103 de plas\u0103.<\/em><\/p>\n<p><strong><em>Efectul Esen\u021bei: <\/em><\/strong>Esen\u021ba St\u00e2njeni\u021belor purific\u0103 fluxul de energie dintre Chakre \u0219i nivelurile diferite energetice. Fluxul echilibrat de energie este ancorat la nivel celular.<\/p>\n<p><strong><em>Efectul Esen\u021bei la Nivel Fizic: <\/em><\/strong>Blocajele sau fluxurile sc\u0103zute de energie \u00een centri no\u0219tri energetici vitali (Chakrele) pot genera nepl\u0103ceri la nivel corporal. \u00cen aceste cazuri, esen\u021ba St\u00e2njeni\u021belor stimuleaz\u0103 fluxul de energie \u0219i compenseaz\u0103 nivelele de energie diferite. Fluxul de energie ref\u0103cut va fi stabilit la nivel celular cre\u00e2nd astfel o protec\u021bie de energie corporal\u0103 \u00eenaintea apari\u021biei unor noi blocaje posibile.<\/p>\n<p><strong><em>Efectul Esen\u021bei la Nivel Emo\u021bional: <\/em><\/strong>Sentimentele reprimate pot rezulta din blocajele energetice ale Chakrei a-II-a. Cu toate acestea, toate celelalte Chakrele pot fi afectate, deoarece sunt interconectate \u00eentre ele. Esen\u021ba ne va ajuta s\u0103 identific\u0103m \u0219i s\u0103 elimin\u0103m emo\u021biile negative.<\/p>\n<p><strong><em>Efectul Esen\u021bei la Nivel Mental: <\/em><\/strong>Blocajele Chakrelor a-V-a, a-VI-a \u0219i a-VII-a ne limiteaz\u0103 for\u021ba noastr\u0103 mental\u0103. Esen\u021b\u0103 activeaz\u0103 fluxul de energie \u00een Chakre, expresivitatea cre\u0219te \u0219i ceea ce este stresant poate fi exprimat. \u00cen acest fel cre\u0103m spa\u021biu pentru noi experien\u021be spirituale, care vor fi procesate prin Chakrele a \u0219asea \u0219i a \u0219aptea.<\/p>\n<p><strong><em>Efectul Esen\u021bei la Nivel Spiritual: <\/em><\/strong>Un flux de energie echilibrat al Chakrelor reprezint\u0103 baza experien\u021bele spirituale. Aceast\u0103 esen\u021b\u0103 ne va ajuta promov\u00e2nd accesul la Al Treilea Ochi (Chakra a-VI-a) \u0219i \u00een consecin\u021ba, la claritate \u0219i intui\u021bie. Putem experimenta \u0219i procesa percep\u021biile spirituale \u00eentr-un mod armonios cu sufletul, mintea \u0219i corpul.<\/p>\n<p><strong><em>Afirma\u021bia: <\/em><\/strong>Claritatea s\u0103l\u0103\u0219luie\u0219te \u00een mine \u0219i sunt perceptiv\/\u0103 la fluxul meu de energie.<\/p>\n","protected":false},"excerpt":{"rendered":"<p>(Lepista irina) St\u00e2njeni\u021ba este o ciuperc\u0103 comestibil\u0103, care poate fi g\u0103sit\u0103 \u00eentre lunile septembrie \u0219i octombrie \u00een p\u0103durile de foioase \u0219i mixte. Este recognoscibil\u0103 dup\u0103 p\u0103l\u0103ria sa umed\u0103, moale, de culoarea pielii crude, aceasta av\u00e2nd un diametru cuprins \u00eentre 3 &#8211; 10 cm. Lamelele limpezi de culoare crem au un punct de culoarea pielii. Piciorul &hellip; <a href=\"https:\/\/esentevibrationale.com\/?product=lepiste-stanjenite\" class=\"more-link\">Continu\u0103 lectura <span class=\"screen-reader-text\">Lepiste \/ St\u00e2njeni\u0163e<\/span> <span class=\"meta-nav\">&rarr;<\/span><\/a><\/p>\n","protected":false},"featured_media":814,"template":"","meta":[],"product_brand":[],"product_cat":[19],"product_tag":[],"class_list":{"0":"post-813","1":"product","2":"type-product","3":"status-publish","4":"has-post-thumbnail","6":"product_cat-esente-de-ciuperci","7":"pa_size-15ml","8":"pa_size-30ml","10":"first","11":"instock","12":"shipping-taxable","13":"purchasable","14":"product-type-variable","15":"has-default-attributes"},"_links":{"self":[{"href":"https:\/\/esentevibrationale.com\/index.php?rest_route=\/wp\/v2\/product\/813","targetHints":{"allow":["GET"]}}],"collection":[{"href":"https:\/\/esentevibrationale.com\/index.php?rest_route=\/wp\/v2\/product"}],"about":[{"href":"https:\/\/esentevibrationale.com\/index.php?rest_route=\/wp\/v2\/types\/product"}],"wp:featuredmedia":[{"embeddable":true,"href":"https:\/\/esentevibrationale.com\/index.php?rest_route=\/wp\/v2\/media\/814"}],"wp:attachment":[{"href":"https:\/\/esentevibrationale.com\/index.php?rest_route=%2Fwp%2Fv2%2Fmedia&parent=813"}],"wp:term":[{"taxonomy":"product_brand","embeddable":true,"href":"https:\/\/esentevibrationale.com\/index.php?rest_route=%2Fwp%2Fv2%2Fproduct_brand&post=813"},{"taxonomy":"product_cat","embeddable":true,"href":"https:\/\/esentevibrationale.com\/index.php?rest_route=%2Fwp%2Fv2%2Fproduct_cat&post=813"},{"taxonomy":"product_tag","embeddable":true,"href":"https:\/\/esentevibrationale.com\/index.php?rest_route=%2Fwp%2Fv2%2Fproduct_tag&post=813"}],"curies":[{"name":"wp","href":"https:\/\/api.w.org\/{rel}","templated":true}]}}