{"id":825,"date":"2018-10-26T10:42:55","date_gmt":"2018-10-26T08:42:55","guid":{"rendered":"http:\/\/phiessences.com\/Romania\/?post_type=product&#038;p=825"},"modified":"2025-12-30T17:06:50","modified_gmt":"2025-12-30T15:06:50","slug":"amazon-mushroom-nr-2-ciuperca-amazon-nr-2","status":"publish","type":"product","link":"https:\/\/esentevibrationale.com\/?product=amazon-mushroom-nr-2-ciuperca-amazon-nr-2","title":{"rendered":"Amazon Mushroom No 2 \/ Ciuperca Amazon Nr. 2"},"content":{"rendered":"<p><strong>(Pycnoporus snguineus)<\/strong><\/p>\n<p><em>Fungusul Amazon nr. 2 a fost descoperit \u00een regiunea Amazonului la t\u0103ierea proasp\u0103t\u0103 a unei planta\u021bii de palmieri de yucca. Ciuperca \u00eenalt\u0103 de aproximativ 2 &#8211; 10 cm cre\u0219te \u00een principal pe lemnul \u00een descompunere \u0219i este o ciuperc\u0103 \u00een descompunere. Culoarea sa caracteristic\u0103 este un ro\u0219u aprins, iar acest lucru \u00eentr-un mediu modern eman\u0103 o anumit\u0103 fascina\u021bie.<\/em><\/p>\n<p><em>\u00a0<\/em><strong><em>Efectul Esen\u021bei: <\/em><\/strong>Esen\u021ba Fungusului Amazon Nr. 2 conecteaz\u0103 prima Chakr\u0103 cu P\u0103m\u00e2ntul \u0219i stimuleaz\u0103 intens picioarele.<\/p>\n<p><strong><em>Efectul Esen\u021bei la Nivel Fizic: <\/em><\/strong>Calitatea de \u00eemp\u0103m\u00e2ntare oferit\u0103 de esen\u021ba Fungusului Amazon Nr. 2 ne conduce la un sentiment general de stabilitate \u0219i de securitate, \u00een timp ce cre\u0219te gradul de con\u0219tientizare al propriei for\u021be. Energia acestei esen\u021be poate fi perceput\u0103 totodat\u0103 \u0219i \u00een picioare, deoarece circula\u021bia s\u00e2ngelui este stimulat\u0103 din punct de vedere energetic.<\/p>\n<p><strong><em>Efectul Esen\u021bei la Nivel Emo\u021bional: <\/em><\/strong>Prin intermediul acestei esen\u021be persoanele care au o dependen\u021b\u0103 puternic\u0103 fa\u021ba de alte persoane, vor deveni con\u0219tiente, de capacitatea lor de a fi independente, sc\u0103p\u00e2nd de leg\u0103turile emo\u021bionale \u0219i \u00eencep\u00e2nd s\u0103 \u00ee\u0219i conduc\u0103 propria via\u021b\u0103.<\/p>\n<p><strong><em>Efectul Esen\u021bei la Nivel Mental: <\/em><\/strong>Esen\u021b\u0103 favorizeaz\u0103 procesele con\u0219tiin\u021bei stabile, la fel cum ajut\u0103 \u0219i \u00een cazul tendin\u021bei spre schizofrenie. Cu aceast\u0103 esen\u021b\u0103 atingem o nou\u0103 stabilitate \u00een g\u00e2ndire, pe care putem s\u0103 construim o nou\u0103 perspectiv\u0103 de via\u021b\u0103.<\/p>\n<p><strong><em>Efectul Esen\u021bei la Nivel Spiritual: <\/em><\/strong>Oamenii care sunt dependen\u021bi de opiniile \u0219i sentimentele altor persoane, \u00ee\u0219i pot g\u0103si adev\u0103rul spiritual propriu cu ajutorul acestei esen\u021be. Prin \u00eent\u0103rirea personalit\u0103\u021bii lor este posibil ca ei s\u0103 implementeze aceast\u0103 spiritualitate \u00een via\u021ba cotidian\u0103.<\/p>\n<p><strong><em>Afirma\u021bia<\/em><\/strong><em>: <\/em>Sunt conectat\/\u0103 la puterea P\u0103m\u00e2ntului \u0219i simt cum \u00eemi ofer\u0103 stabilitate interioar\u0103.<\/p>\n","protected":false},"excerpt":{"rendered":"<p>(Pycnoporus snguineus) Fungusul Amazon nr. 2 a fost descoperit \u00een regiunea Amazonului la t\u0103ierea proasp\u0103t\u0103 a unei planta\u021bii de palmieri de yucca. Ciuperca \u00eenalt\u0103 de aproximativ 2 &#8211; 10 cm cre\u0219te \u00een principal pe lemnul \u00een descompunere \u0219i este o ciuperc\u0103 \u00een descompunere. Culoarea sa caracteristic\u0103 este un ro\u0219u aprins, iar acest lucru \u00eentr-un mediu &hellip; <a href=\"https:\/\/esentevibrationale.com\/?product=amazon-mushroom-nr-2-ciuperca-amazon-nr-2\" class=\"more-link\">Continu\u0103 lectura <span class=\"screen-reader-text\">Amazon Mushroom No 2 \/ Ciuperca Amazon Nr. 2<\/span> <span class=\"meta-nav\">&rarr;<\/span><\/a><\/p>\n","protected":false},"featured_media":828,"template":"","meta":[],"product_brand":[],"product_cat":[19],"product_tag":[],"class_list":{"0":"post-825","1":"product","2":"type-product","3":"status-publish","4":"has-post-thumbnail","6":"product_cat-esente-de-ciuperci","7":"pa_size-15ml","8":"pa_size-30ml","10":"first","11":"instock","12":"shipping-taxable","13":"purchasable","14":"product-type-variable","15":"has-default-attributes"},"_links":{"self":[{"href":"https:\/\/esentevibrationale.com\/index.php?rest_route=\/wp\/v2\/product\/825","targetHints":{"allow":["GET"]}}],"collection":[{"href":"https:\/\/esentevibrationale.com\/index.php?rest_route=\/wp\/v2\/product"}],"about":[{"href":"https:\/\/esentevibrationale.com\/index.php?rest_route=\/wp\/v2\/types\/product"}],"wp:featuredmedia":[{"embeddable":true,"href":"https:\/\/esentevibrationale.com\/index.php?rest_route=\/wp\/v2\/media\/828"}],"wp:attachment":[{"href":"https:\/\/esentevibrationale.com\/index.php?rest_route=%2Fwp%2Fv2%2Fmedia&parent=825"}],"wp:term":[{"taxonomy":"product_brand","embeddable":true,"href":"https:\/\/esentevibrationale.com\/index.php?rest_route=%2Fwp%2Fv2%2Fproduct_brand&post=825"},{"taxonomy":"product_cat","embeddable":true,"href":"https:\/\/esentevibrationale.com\/index.php?rest_route=%2Fwp%2Fv2%2Fproduct_cat&post=825"},{"taxonomy":"product_tag","embeddable":true,"href":"https:\/\/esentevibrationale.com\/index.php?rest_route=%2Fwp%2Fv2%2Fproduct_tag&post=825"}],"curies":[{"name":"wp","href":"https:\/\/api.w.org\/{rel}","templated":true}]}}