{"id":833,"date":"2018-10-26T11:40:40","date_gmt":"2018-10-26T09:40:40","guid":{"rendered":"http:\/\/phiessences.com\/Romania\/?post_type=product&#038;p=833"},"modified":"2025-12-30T17:47:27","modified_gmt":"2025-12-30T15:47:27","slug":"shaggy-mane-burete-cu-peruca","status":"publish","type":"product","link":"https:\/\/esentevibrationale.com\/?product=shaggy-mane-burete-cu-peruca","title":{"rendered":"Shaggy Mane \/ Burete cu Peruc\u0103"},"content":{"rendered":"<p><strong>(Coprinus comatus)<\/strong><\/p>\n<p><em>Buretele cu Peruc\u0103 este una sau poate chiar cea mai ciudat\u0103 ciuperc\u0103 cunoscut\u0103, deoarece aceasta familie este singura care se consum\u0103 singur\u0103. Odat\u0103 cu maturitatea, lame- lele pur si simplu se dizolv\u0103, asigur\u00e2nd astfel \u00eempr\u0103\u0219tierea sporilor \u0219i perpetuarea speciei. Proces are loc \u00een c\u00e2teva ore \u0219i de aceea nu se recomand\u0103 p\u0103strarea acestei ciuperci mai mult de 3 ore de la culegere f\u0103r\u0103 a fi preparat\u0103 \u0219i consumat\u0103. \u00cenghe\u021barea nu \u00eempiedica procesul s\u0103u de &#8222;degradare&#8221;.<\/em><\/p>\n<p><strong><em>Efectul Esen\u021bei: <\/em><\/strong>Cu ajutorul esen\u021bei Buretelui cu Peruc\u0103 blocajele care sunt \u00a0ascunse profund, cauzate de critici \u0219i de incertitudine, \u00ee\u0219i g\u0103sesc expresia \u0219i astfel, pot fi recunoscute \u00a0\u0219i transformate.<\/p>\n<p><strong><em>Efectul Esen\u021bei la Nivel Fizic: <\/em><\/strong>Blocajele din subcon\u0219tientul nostru pot prezenta mai multe forme, inclusiv \u00eent\u0103rirea fizic\u0103 \u0219i probleme ale pielii (negi).<\/p>\n<p><strong><em>Efectul Esen\u021bei la Nivel Emo\u021bional: <\/em><\/strong>Dac\u0103 oamenii nu doresc s\u0103 \u00ee\u0219i pun\u0103 la \u00eendoial\u0103 condi\u021biile de via\u021b\u0103, dar adesea \u00eei critic\u0103 pe ceilal\u021bi, acest lucru arat\u0103 c\u0103 nu este de obicei prezent\u0103 dorin\u021ba de a face fa\u021b\u0103 propriilor probleme \u0219i cauzelor reale. Esen\u021ba ne ajut\u0103 ne privim \u00een mod critic propria via\u021b\u0103, s\u0103 permitem \u0219i s\u0103 exprim\u0103m blocajele cauzate de frustrare care sunt stocate \u00een subcon\u0219tientul nostru.<\/p>\n<p><strong><em>Efectul Esen\u021bei la Nivel Mental: <\/em><\/strong>Cu ajutorul acestei esen\u021be devenim con\u0219tien\u021bi de felul \u00een care blocajele cauzate de incapacitatea de a ne face autocritica, le exprim\u0103m adesea \u00een observa\u021bii critice fa\u021b\u0103 de ceilal\u021bi.\u00cenv\u0103\u021b\u0103m s\u0103 ne recunoa\u0219tem mediul ca o reflectare a noastr\u0103 \u0219i astfel, putem lucra asupra noastr\u0103.<\/p>\n<p><strong><em>Efectul Esen\u021bei la Nivel Spiritual: <\/em><\/strong>Esen\u021ba ne sprijin\u0103 s\u0103 con\u0219tientiz\u0103m c\u0103 adev\u0103rata dezvoltare este posibil\u0103 doar atunci c\u00e2nd suntem dispu\u0219i s\u0103 ne uit\u0103m la noi \u00een\u0219ine, s\u0103 ne exprim\u0103m experien\u021bele \u0219i s\u0103 nu le mai suprim\u0103m.<\/p>\n<p><strong><em>Not\u0103: <\/em><\/strong>Esen\u021bele de Ciuperci nr. 21,22 \u0219i 23 sunt recent elaborate.<\/p>\n","protected":false},"excerpt":{"rendered":"<p>(Coprinus comatus) Buretele cu Peruc\u0103 este una sau poate chiar cea mai ciudat\u0103 ciuperc\u0103 cunoscut\u0103, deoarece aceasta familie este singura care se consum\u0103 singur\u0103. Odat\u0103 cu maturitatea, lame- lele pur si simplu se dizolv\u0103, asigur\u00e2nd astfel \u00eempr\u0103\u0219tierea sporilor \u0219i perpetuarea speciei. Proces are loc \u00een c\u00e2teva ore \u0219i de aceea nu se recomand\u0103 p\u0103strarea acestei &hellip; <a href=\"https:\/\/esentevibrationale.com\/?product=shaggy-mane-burete-cu-peruca\" class=\"more-link\">Continu\u0103 lectura <span class=\"screen-reader-text\">Shaggy Mane \/ Burete cu Peruc\u0103<\/span> <span class=\"meta-nav\">&rarr;<\/span><\/a><\/p>\n","protected":false},"featured_media":834,"template":"","meta":[],"product_brand":[],"product_cat":[19],"product_tag":[],"class_list":{"0":"post-833","1":"product","2":"type-product","3":"status-publish","4":"has-post-thumbnail","6":"product_cat-esente-de-ciuperci","7":"pa_size-15ml","8":"pa_size-30ml","10":"first","11":"instock","12":"shipping-taxable","13":"purchasable","14":"product-type-variable","15":"has-default-attributes"},"_links":{"self":[{"href":"https:\/\/esentevibrationale.com\/index.php?rest_route=\/wp\/v2\/product\/833","targetHints":{"allow":["GET"]}}],"collection":[{"href":"https:\/\/esentevibrationale.com\/index.php?rest_route=\/wp\/v2\/product"}],"about":[{"href":"https:\/\/esentevibrationale.com\/index.php?rest_route=\/wp\/v2\/types\/product"}],"wp:featuredmedia":[{"embeddable":true,"href":"https:\/\/esentevibrationale.com\/index.php?rest_route=\/wp\/v2\/media\/834"}],"wp:attachment":[{"href":"https:\/\/esentevibrationale.com\/index.php?rest_route=%2Fwp%2Fv2%2Fmedia&parent=833"}],"wp:term":[{"taxonomy":"product_brand","embeddable":true,"href":"https:\/\/esentevibrationale.com\/index.php?rest_route=%2Fwp%2Fv2%2Fproduct_brand&post=833"},{"taxonomy":"product_cat","embeddable":true,"href":"https:\/\/esentevibrationale.com\/index.php?rest_route=%2Fwp%2Fv2%2Fproduct_cat&post=833"},{"taxonomy":"product_tag","embeddable":true,"href":"https:\/\/esentevibrationale.com\/index.php?rest_route=%2Fwp%2Fv2%2Fproduct_tag&post=833"}],"curies":[{"name":"wp","href":"https:\/\/api.w.org\/{rel}","templated":true}]}}