{"id":968,"date":"2018-10-26T18:03:36","date_gmt":"2018-10-26T16:03:36","guid":{"rendered":"http:\/\/phiessences.com\/Romania\/?post_type=product&#038;p=968"},"modified":"2025-12-30T13:22:12","modified_gmt":"2025-12-30T11:22:12","slug":"lotus-skin-cream-crema-lotus","status":"publish","type":"product","link":"https:\/\/esentevibrationale.com\/?product=lotus-skin-cream-crema-lotus","title":{"rendered":"Lotus Skin Cream \/ Crema Lotus"},"content":{"rendered":"<p>Aceast\u0103 crem\u0103 are un efect natural \u0219i relaxant asupra pielii, contribuind astfel la restabilirea echilibrului energetic al pielii. Are la baz\u0103 floarea de Lotus, care este considerat\u0103 floarea universal\u0103 a p\u0103cii \u0219i a armoniei.<\/p>\n<p>60 gr.<\/p>\n<p>f\u0103r\u0103 parabeni<\/p>\n<p>&nbsp;<\/p>\n","protected":false},"excerpt":{"rendered":"<table>\n<tbody>\n<tr>\n<td>Greutate: 0,145 kg pe bucat\u0103<\/td>\n<\/tr>\n<\/tbody>\n<\/table>\n","protected":false},"featured_media":969,"template":"","meta":[],"product_brand":[],"product_cat":[34],"product_tag":[],"class_list":{"0":"post-968","1":"product","2":"type-product","3":"status-publish","4":"has-post-thumbnail","6":"product_cat-creme","8":"first","9":"instock","10":"shipping-taxable","11":"purchasable","12":"product-type-simple"},"_links":{"self":[{"href":"https:\/\/esentevibrationale.com\/index.php?rest_route=\/wp\/v2\/product\/968","targetHints":{"allow":["GET"]}}],"collection":[{"href":"https:\/\/esentevibrationale.com\/index.php?rest_route=\/wp\/v2\/product"}],"about":[{"href":"https:\/\/esentevibrationale.com\/index.php?rest_route=\/wp\/v2\/types\/product"}],"wp:featuredmedia":[{"embeddable":true,"href":"https:\/\/esentevibrationale.com\/index.php?rest_route=\/wp\/v2\/media\/969"}],"wp:attachment":[{"href":"https:\/\/esentevibrationale.com\/index.php?rest_route=%2Fwp%2Fv2%2Fmedia&parent=968"}],"wp:term":[{"taxonomy":"product_brand","embeddable":true,"href":"https:\/\/esentevibrationale.com\/index.php?rest_route=%2Fwp%2Fv2%2Fproduct_brand&post=968"},{"taxonomy":"product_cat","embeddable":true,"href":"https:\/\/esentevibrationale.com\/index.php?rest_route=%2Fwp%2Fv2%2Fproduct_cat&post=968"},{"taxonomy":"product_tag","embeddable":true,"href":"https:\/\/esentevibrationale.com\/index.php?rest_route=%2Fwp%2Fv2%2Fproduct_tag&post=968"}],"curies":[{"name":"wp","href":"https:\/\/api.w.org\/{rel}","templated":true}]}}