{"id":976,"date":"2018-10-26T18:24:22","date_gmt":"2018-10-26T16:24:22","guid":{"rendered":"http:\/\/phiessences.com\/Romania\/?post_type=product&#038;p=976"},"modified":"2025-12-30T13:21:33","modified_gmt":"2025-12-30T11:21:33","slug":"delfin-skin-cream-crema-delfin","status":"publish","type":"product","link":"https:\/\/esentevibrationale.com\/?product=delfin-skin-cream-crema-delfin","title":{"rendered":"Delfin Skin Cream \/ Crema Delfin"},"content":{"rendered":"<p>Energia Delfinului &#8211; Esen\u021ba Delfinului \u2013 are un efect pl\u0103cut, purificator \u0219i de deschidere a Chakrei inimii. Aceast\u0103 esen\u021b\u0103 unic\u0103 este ideal\u0103 \u00een cremele aplicate pe piele.<\/p>\n<p>60 Gr.<\/p>\n<p>f\u0103r\u0103 parabeni<\/p>\n<p>&nbsp;<\/p>\n","protected":false},"excerpt":{"rendered":"<table>\n<tbody>\n<tr>\n<td>Greutate: 0,145 kg pe bucat\u0103<\/td>\n<\/tr>\n<\/tbody>\n<\/table>\n","protected":false},"featured_media":977,"template":"","meta":[],"product_brand":[],"product_cat":[34],"product_tag":[],"class_list":{"0":"post-976","1":"product","2":"type-product","3":"status-publish","4":"has-post-thumbnail","6":"product_cat-creme","8":"first","9":"instock","10":"shipping-taxable","11":"purchasable","12":"product-type-simple"},"_links":{"self":[{"href":"https:\/\/esentevibrationale.com\/index.php?rest_route=\/wp\/v2\/product\/976","targetHints":{"allow":["GET"]}}],"collection":[{"href":"https:\/\/esentevibrationale.com\/index.php?rest_route=\/wp\/v2\/product"}],"about":[{"href":"https:\/\/esentevibrationale.com\/index.php?rest_route=\/wp\/v2\/types\/product"}],"wp:featuredmedia":[{"embeddable":true,"href":"https:\/\/esentevibrationale.com\/index.php?rest_route=\/wp\/v2\/media\/977"}],"wp:attachment":[{"href":"https:\/\/esentevibrationale.com\/index.php?rest_route=%2Fwp%2Fv2%2Fmedia&parent=976"}],"wp:term":[{"taxonomy":"product_brand","embeddable":true,"href":"https:\/\/esentevibrationale.com\/index.php?rest_route=%2Fwp%2Fv2%2Fproduct_brand&post=976"},{"taxonomy":"product_cat","embeddable":true,"href":"https:\/\/esentevibrationale.com\/index.php?rest_route=%2Fwp%2Fv2%2Fproduct_cat&post=976"},{"taxonomy":"product_tag","embeddable":true,"href":"https:\/\/esentevibrationale.com\/index.php?rest_route=%2Fwp%2Fv2%2Fproduct_tag&post=976"}],"curies":[{"name":"wp","href":"https:\/\/api.w.org\/{rel}","templated":true}]}}