{"id":993,"date":"2018-10-30T06:20:38","date_gmt":"2018-10-30T05:20:38","guid":{"rendered":"http:\/\/phiessences.com\/Romania\/?post_type=product&#038;p=993"},"modified":"2026-03-11T04:53:06","modified_gmt":"2026-03-11T02:53:06","slug":"whale-pendant-pandantiv-balena","status":"publish","type":"product","link":"https:\/\/esentevibrationale.com\/?product=whale-pendant-pandantiv-balena","title":{"rendered":"Pilotwhale Pendant \/ Pandantiv Balena Pilot"},"content":{"rendered":"<p>Pandantivul este f\u0103cut manual din sticl\u0103 albastr\u0103 Cobalt \u015fi suflat cu gura, umplut manual cu esen\u0163a Balen\u0103. Se poarta \u00een jurul g\u00e2tului cu o banda sau \u015fnur din bumbac ajustabile.<\/p>\n<p>Pandantivul are un efect foarte puternic de activare de energie \u015fi deschidere a inimii. Ca \u015fi esen\u0163\u0103 balena, acesta ne conecteaz\u01ce la &#8222;la tot ceea ce este\u201d, astfel ne uit\u0103m la planeta mam\u0103 p\u0103m\u00e2nt \u015fi creaturile ei vii, cu mult mai mare con\u015ftientizare.<\/p>\n<p>Panglic\u0103 \/ \u0218nur 100% bumbac reglabile.<\/p>\n<p>Informa\u021bii:\u00a0Toate pandantivele PHI sunt realizate manual prin tehnica de suflare a sticlei, care dateaz\u0103 din secolul al IV-lea \u00een Germania.<\/p>\n<p>&nbsp;<\/p>\n","protected":false},"excerpt":{"rendered":"<p><img loading=\"lazy\" decoding=\"async\" class=\"alignnone size-full wp-image-1000\" src=\"https:\/\/phiessences.com\/Romania\/wp-content\/uploads\/2018\/10\/pilotwaleve_aprill_26_1.jpg\" alt=\"\" width=\"86\" height=\"53\" \/><\/p>\n<p>&nbsp;<\/p>\n","protected":false},"featured_media":994,"template":"","meta":[],"product_brand":[],"product_cat":[39],"product_tag":[],"class_list":{"0":"post-993","1":"product","2":"type-product","3":"status-publish","4":"has-post-thumbnail","6":"product_cat-pandantive","8":"first","9":"instock","10":"shipping-taxable","11":"purchasable","12":"product-type-simple"},"_links":{"self":[{"href":"https:\/\/esentevibrationale.com\/index.php?rest_route=\/wp\/v2\/product\/993","targetHints":{"allow":["GET"]}}],"collection":[{"href":"https:\/\/esentevibrationale.com\/index.php?rest_route=\/wp\/v2\/product"}],"about":[{"href":"https:\/\/esentevibrationale.com\/index.php?rest_route=\/wp\/v2\/types\/product"}],"wp:featuredmedia":[{"embeddable":true,"href":"https:\/\/esentevibrationale.com\/index.php?rest_route=\/wp\/v2\/media\/994"}],"wp:attachment":[{"href":"https:\/\/esentevibrationale.com\/index.php?rest_route=%2Fwp%2Fv2%2Fmedia&parent=993"}],"wp:term":[{"taxonomy":"product_brand","embeddable":true,"href":"https:\/\/esentevibrationale.com\/index.php?rest_route=%2Fwp%2Fv2%2Fproduct_brand&post=993"},{"taxonomy":"product_cat","embeddable":true,"href":"https:\/\/esentevibrationale.com\/index.php?rest_route=%2Fwp%2Fv2%2Fproduct_cat&post=993"},{"taxonomy":"product_tag","embeddable":true,"href":"https:\/\/esentevibrationale.com\/index.php?rest_route=%2Fwp%2Fv2%2Fproduct_tag&post=993"}],"curies":[{"name":"wp","href":"https:\/\/api.w.org\/{rel}","templated":true}]}}