{"id":995,"date":"2018-10-30T06:29:50","date_gmt":"2018-10-30T05:29:50","guid":{"rendered":"http:\/\/phiessences.com\/Romania\/?post_type=product&#038;p=995"},"modified":"2026-03-11T04:52:14","modified_gmt":"2026-03-11T02:52:14","slug":"pink-amazon-dolphin-pendant-pandantivul-delfin-roz-din-amazon","status":"publish","type":"product","link":"https:\/\/esentevibrationale.com\/?product=pink-amazon-dolphin-pendant-pandantivul-delfin-roz-din-amazon","title":{"rendered":"Pink Amazon Dolphin Pendant \/ Pandantivul Delfin Roz din Amazon"},"content":{"rendered":"<p>(Sotalia fluviatilis) Ne ajut\u0103 s\u0103 \u00een\u021belegem ceea ce este important \u0219i s\u0103 vedem cu inima. Ne conecteaz\u0103 inimile cu natura \u0219i ne conecteaz\u0103 la \u00een\u021belepciunea profund\u0103 din noi, care ne \u00eenva\u021b\u0103 c\u0103 suntem conecta\u021bi la Tot. Esen\u021ba ne ajut\u0103 s\u0103 mergem cu bucurie pe calea iubirii \u00een via\u021ba noastr\u0103 \u0219i subliniaz\u0103 mai mult aspectul feminin.<\/p>\n<p>Panglic\u0103 \/ \u0218nur 100% bumbac reglabile.<\/p>\n<p>Informa\u021bii:Toate pandantivele PHI sunt realizate manual prin tehnica de suflare a sticlei, care dateaz\u0103 din secolul al IV-lea \u00een Germania.<\/p>\n<p>&nbsp;<\/p>\n<p>.<\/p>\n","protected":false},"excerpt":{"rendered":"<p><img loading=\"lazy\" decoding=\"async\" class=\"alignnone size-full wp-image-996\" src=\"https:\/\/phiessences.com\/Romania\/wp-content\/uploads\/2018\/10\/rosadelph_28_1.jpg\" alt=\"\" width=\"74\" height=\"86\" \/><\/p>\n<p>&nbsp;<\/p>\n<p>&nbsp;<\/p>\n","protected":false},"featured_media":997,"template":"","meta":[],"product_brand":[],"product_cat":[39],"product_tag":[],"class_list":{"0":"post-995","1":"product","2":"type-product","3":"status-publish","4":"has-post-thumbnail","6":"product_cat-pandantive","8":"first","9":"instock","10":"shipping-taxable","11":"purchasable","12":"product-type-simple"},"_links":{"self":[{"href":"https:\/\/esentevibrationale.com\/index.php?rest_route=\/wp\/v2\/product\/995","targetHints":{"allow":["GET"]}}],"collection":[{"href":"https:\/\/esentevibrationale.com\/index.php?rest_route=\/wp\/v2\/product"}],"about":[{"href":"https:\/\/esentevibrationale.com\/index.php?rest_route=\/wp\/v2\/types\/product"}],"wp:featuredmedia":[{"embeddable":true,"href":"https:\/\/esentevibrationale.com\/index.php?rest_route=\/wp\/v2\/media\/997"}],"wp:attachment":[{"href":"https:\/\/esentevibrationale.com\/index.php?rest_route=%2Fwp%2Fv2%2Fmedia&parent=995"}],"wp:term":[{"taxonomy":"product_brand","embeddable":true,"href":"https:\/\/esentevibrationale.com\/index.php?rest_route=%2Fwp%2Fv2%2Fproduct_brand&post=995"},{"taxonomy":"product_cat","embeddable":true,"href":"https:\/\/esentevibrationale.com\/index.php?rest_route=%2Fwp%2Fv2%2Fproduct_cat&post=995"},{"taxonomy":"product_tag","embeddable":true,"href":"https:\/\/esentevibrationale.com\/index.php?rest_route=%2Fwp%2Fv2%2Fproduct_tag&post=995"}],"curies":[{"name":"wp","href":"https:\/\/api.w.org\/{rel}","templated":true}]}}